{"id":277,"date":"2022-03-30T17:32:33","date_gmt":"2022-03-30T15:32:33","guid":{"rendered":"https:\/\/server.it-services-haase.de\/?page_id=277"},"modified":"2022-04-02T23:46:35","modified_gmt":"2022-04-02T21:46:35","slug":"go-produktvideos","status":"publish","type":"page","link":"https:\/\/www.gordon-verwaltung.de\/index.php\/go-produktvideos\/","title":{"rendered":"Produkt-88-Videos"},"content":{"rendered":"\n<p><strong>Richtlinienkonforme&nbsp;Stahlziele,&nbsp;<\/strong><a rel=\"noreferrer noopener\" href=\"https:\/\/youtu.be\/_5eOA2WK8eI\" target=\"_blank\">Link zum Video: Plattenziele<\/a><br>Stahlziele in verschiedenen Gr\u00f6\u00dfen und Formen entsprechend den von der Schie\u00dfsstandrichtlinie geforderten Spezifikationen nebst Nachweisung der physikalischen Eigenschaften durch Schmelzzertifikat und Verk\u00e4uferbescheinigung<br>*&nbsp;Rundziele (Durchmesser von 20, 25 und 30 cm) zum H\u00e4ngen (mit angeschraubten H\u00e4ngehaken) oder zum Aufstellen mit schwei\u00dfnahtloser (angeschraubter) Kippvorrichtung am Bolzen beliebiger Dicke<br>*&nbsp;Rechteckziele 46*61 cm<br>* beliebige andere Formen und Masse nach Kundenwunsch<\/p>\n\n\n\n<p><strong>Ausleger, Plattentr\u00e4ger,&nbsp;<\/strong><a rel=\"noreferrer noopener\" href=\"https:\/\/youtu.be\/Zs8ADLJ4468\" target=\"_blank\">Link zum Video:&nbsp;Ausleger, Plattentr\u00e4ger<\/a><br>Am Mast in der H\u00f6he verstellbare&nbsp;Aufh\u00e4ngevorrichtung mit Tr\u00e4gerstab f\u00fcr H\u00e4ngehaken f\u00fcr das vorschriftsm\u00e4\u00dfige H\u00e4ngen von Stahlzielen an Masten mit variabler St\u00e4rke (5,8 bis 7 cm). Der Ausleger tr\u00e4gt &#8211; zur Herbeif\u00fchrung regelkonformen Splitterschutzes &#8211; Reifen (Zubeh\u00f6rteil Reifentr\u00e4ger) oder Stahlblechk\u00e4sten am Vierkantstahlstab.<\/p>\n\n\n\n<p><strong>Splitterschutz und Splitteraufnahme,&nbsp;<\/strong><a rel=\"noreferrer noopener\" href=\"https:\/\/youtu.be\/-ZLeWTCJ3P4\" target=\"_blank\">Link zum Video<\/a><br>F\u00fcr die Umsetzung eines richtlinienkonformen Splitterschutzes werden Stahlblechk\u00e4sten am Vierkantstahlstab angeboten; die Aufnahme der beim Auftreffen auf die Stahlziele entstehenden Partikel erfolgt im Kasteninneren durch eine einfache und preiswerte Aufnahmevorrichtung aus Holz.&nbsp;<\/p>\n\n\n\n<p><strong>Fu\u00df, Mast und Panzerung,&nbsp;<\/strong><a rel=\"noreferrer noopener\" href=\"https:\/\/youtu.be\/EbyNT32hzb4\" target=\"_blank\">Link zum Video<\/a><br>F\u00fcr die richtlinienkonforme Aufstellung&nbsp;werden Werkst\u00fccke aus Holz angeboten. Das zentrale Bauteil des Fusses (<a rel=\"noreferrer noopener\" href=\"https:\/\/youtu.be\/xL8MXEHPzBc\" target=\"_blank\">Link zum Einzel-Video<\/a>)&nbsp;ist eine &#8222;Holzstapelhilfe&#8220;. Als Mast (<a rel=\"noreferrer noopener\" href=\"https:\/\/youtu.be\/gNmwcWD2Hzo\" target=\"_blank\">Link zum Einzel-Video<\/a>)&nbsp;wird ein Kantholz mit ca. 6&#215;6 benutzt, die L\u00e4nge ist variabel. Die Panzerung der h\u00f6lzernen Masten&nbsp;zum Schutz vor Schaden durch Geschosstreffer&nbsp;erfolgt durch Stahlpanzer&nbsp;<a rel=\"noreferrer noopener\" href=\"https:\/\/youtu.be\/m8mRm_eESb0\" target=\"_blank\">(Link zum Einzel-Video<\/a>), die mit Weichholz verkleidet werden. Eine zus\u00e4tzliche Sicherheit gibt ein Weichplastik, z.B. F\u00f6rderbandgummi. &nbsp;<\/p>\n\n\n\n<p><strong>Multi-Use-Selfsetter-Target<\/strong>, Link zum Video<br>Komplett aufgebautes&nbsp;(beliebig skalierbares) Speed Steel\u00ae &#8211; Ziel&nbsp;&#8222;Selfsetter&#8220;&nbsp;mit 2 Popperplatten. Diese k\u00f6nnen f\u00fcr Wettk\u00e4mpfe als &#8222;knock-down-only-Plate&#8220; zum h\u00e4ndischen Aufstellen oder mit Seilzugaufsteller genutzt werden, f\u00fcr Trainingszwecke als selbstaufstellende Ziele. Die Platten machen Treffer (auch KK!) durch Bewegung erkennbar und bewegen sich nach dem Beschuss federgest\u00fctzt in die Ausgangsposition zur\u00fcck. Es werden die Einzelteile, Fuunktion und der Aufbau des komplexen Zieles erl\u00e4utert und die m\u00f6gliche Nutzung im Training und Wettkampf  gezeigt.<\/p>\n\n\n\n<p><strong>Studie &#8222;Quadropole&#8220;,&nbsp;Konzept und Aufbau<\/strong>,&nbsp;<a rel=\"noreferrer noopener\" href=\"https:\/\/youtu.be\/tBNtB7KZZpM\" target=\"_blank\">Link zum Video<\/a><br>Komplett aufgebautes&nbsp;Speed Steel\u00ae -Ziel&nbsp;&#8222;Quadropole&#8220;&nbsp;mit 2 Noshoots,&nbsp;kein Ziel f\u00fcr &#8222;Ballerm\u00e4nner&#8220;!&nbsp;Es werden die Einzelteile des komplexen Zieles erl\u00e4utert und die Anbringung der einzelnen Ausleger, der Panzer und Platten im Stahlblechkasten gezeigt.&nbsp;<\/p>\n\n\n\n<p><strong>Studie &#8222;Duellentscheider&#8220;,&nbsp;Konzept und Aufbau<\/strong>,&nbsp;Link zum Video<br>Komplett aufgebautes&nbsp;Speed Steel\u00ae -Ziel&nbsp;&#8222;Duellentscheider&#8220;&nbsp;mit 2 Popperplatten, bei denen durch &#8222;Untenliegen&#8220; der Sieg des schnelleren Teilnehmers zweifelsfrei angezeigt wird. Es werden die Einzelteile und der Aufbau des komplexen Zieles erl\u00e4utert und die m\u00f6gliche Nutzung im Wettkampf  gezeigt.&nbsp;<\/p>\n\n\n\n<p><strong>Studie &#8222;Kill the BEAST&#8220;,&nbsp;Konzept und Aufbau<\/strong>,&nbsp;Link zum Video<br>Komplett aufgebautes&nbsp;Speed Steel\u00ae -Zielarry&nbsp;&#8222;Kill the BEAST&#8220;&nbsp;mit 2 Targets!&nbsp;Es werden die Einzelteile des komplexen Zieles erl\u00e4utert und der Aufbau sowie und die m\u00f6gliche Nutzung im Wettkampf  gezeigt.<\/p>\n\n\n\n<p><strong>Studie &#8222;Riflesteel&#8220;,&nbsp;Konzept und Aufbau<\/strong>,&nbsp;Link zum Video<br>Komplett aufgebautes&nbsp;Speed Steel\u00ae -Zielarry&nbsp;f\u00fcr den B\u00fcchsenbeschuss (! B\u00fcchsenpatronen nur ab 50 Metern Zielentfernung und nur f\u00fcr Cineshot, Screenammo sowie zertifizierte getestete Munition). Die f\u00fcr den Sch\u00fctzen und Zuschauer beeindruckenden Effekte im Ziel bilden einen herausfordernden Anspruch und schaffen einen bleibenden Erinnerungswert.<\/p>\n","protected":false},"excerpt":{"rendered":"<p>Richtlinienkonforme&nbsp;Stahlziele,&nbsp;Link zum Video: PlattenzieleStahlziele in verschiedenen Gr\u00f6\u00dfen und Formen entsprechend den von der Schie\u00dfsstandrichtlinie geforderten Spezifikationen nebst Nachweisung der physikalischen Eigenschaften durch Schmelzzertifikat und Verk\u00e4uferbescheinigung*&nbsp;Rundziele (Durchmesser von 20, 25 und 30 cm) zum H\u00e4ngen (mit angeschraubten H\u00e4ngehaken) oder zum Aufstellen mit schwei\u00dfnahtloser (angeschraubter) Kippvorrichtung am Bolzen beliebiger Dicke*&nbsp;Rechteckziele 46*61 cm* beliebige andere Formen und Masse&hellip; <br \/> <a class=\"read-more\" href=\"https:\/\/www.gordon-verwaltung.de\/index.php\/go-produktvideos\/\">Weiterlesen<\/a><\/p>\n","protected":false},"author":2,"featured_media":0,"parent":0,"menu_order":0,"comment_status":"closed","ping_status":"closed","template":"","meta":{"footnotes":""},"class_list":["post-277","page","type-page","status-publish","hentry"],"_links":{"self":[{"href":"https:\/\/www.gordon-verwaltung.de\/index.php\/wp-json\/wp\/v2\/pages\/277","targetHints":{"allow":["GET"]}}],"collection":[{"href":"https:\/\/www.gordon-verwaltung.de\/index.php\/wp-json\/wp\/v2\/pages"}],"about":[{"href":"https:\/\/www.gordon-verwaltung.de\/index.php\/wp-json\/wp\/v2\/types\/page"}],"author":[{"embeddable":true,"href":"https:\/\/www.gordon-verwaltung.de\/index.php\/wp-json\/wp\/v2\/users\/2"}],"replies":[{"embeddable":true,"href":"https:\/\/www.gordon-verwaltung.de\/index.php\/wp-json\/wp\/v2\/comments?post=277"}],"version-history":[{"count":3,"href":"https:\/\/www.gordon-verwaltung.de\/index.php\/wp-json\/wp\/v2\/pages\/277\/revisions"}],"predecessor-version":[{"id":436,"href":"https:\/\/www.gordon-verwaltung.de\/index.php\/wp-json\/wp\/v2\/pages\/277\/revisions\/436"}],"wp:attachment":[{"href":"https:\/\/www.gordon-verwaltung.de\/index.php\/wp-json\/wp\/v2\/media?parent=277"}],"curies":[{"name":"wp","href":"https:\/\/api.w.org\/{rel}","templated":true}]}}