{"id":288,"date":"2022-03-31T21:25:27","date_gmt":"2022-03-31T19:25:27","guid":{"rendered":"https:\/\/server.it-services-haase.de\/?page_id=288"},"modified":"2022-04-06T16:21:03","modified_gmt":"2022-04-06T14:21:03","slug":"go-module","status":"publish","type":"page","link":"https:\/\/www.gordon-verwaltung.de\/index.php\/go-module\/","title":{"rendered":"Module"},"content":{"rendered":"\n<p>Die Ziele bestehen aus leicht transportierbaren Modulen, die schnellen Auf- und Abbau &#8211; auch durch eine einzelne Person &#8211; erm\u00f6glicht.<\/p>\n\n\n\n<p><a href=\"https:\/\/www.gordon-verwaltung.de\/index.php\/go-modul-01-fuss\/\" target=\"_blank\" rel=\"noreferrer noopener\">Modul 01 &#8211; Fu\u00df<\/a><\/p>\n\n\n\n<p><a href=\"https:\/\/www.gordon-verwaltung.de\/index.php\/go-modul-02-panzer\/\" target=\"_blank\" rel=\"noreferrer noopener\">Modul 02 &#8211; Panzer<\/a><\/p>\n\n\n\n<p><a rel=\"noreferrer noopener\" href=\"https:\/\/www.gordon-verwaltung.de\/index.php\/go-modul-03-ausleger\/\" target=\"_blank\">Modul 03 &#8211; Ausleger, Reifentr\u00e4ger und Riser<\/a><\/p>\n\n\n\n<p><a href=\"https:\/\/www.gordon-verwaltung.de\/index.php\/go-modul-04-plates\/\" target=\"_blank\" rel=\"noreferrer noopener\">Modul 04 &#8211; Platten<\/a><\/p>\n\n\n\n<p><a href=\"https:\/\/www.gordon-verwaltung.de\/index.php\/go-modul-05-splitterfangkasten\/\" target=\"_blank\" rel=\"noreferrer noopener\">Modul 05 &#8211; Splitterfangkasten<\/a><\/p>\n\n\n\n<p>Modul 06 &#8211;<\/p>\n\n\n\n<p>Modul 07 &#8211; <\/p>\n\n\n\n<p>Modul 08 &#8211; <\/p>\n\n\n\n<p>Modul 09 &#8211; <\/p>\n\n\n\n<p>Modul 10 &#8211; <\/p>\n","protected":false},"excerpt":{"rendered":"<p>Die Ziele bestehen aus leicht transportierbaren Modulen, die schnellen Auf- und Abbau &#8211; auch durch eine einzelne Person &#8211; erm\u00f6glicht. Modul 01 &#8211; Fu\u00df Modul 02 &#8211; Panzer Modul 03 &#8211; Ausleger, Reifentr\u00e4ger und Riser Modul 04 &#8211; Platten Modul 05 &#8211; Splitterfangkasten Modul 06 &#8211; Modul 07 &#8211; Modul 08 &#8211; Modul 09 &#8211;&hellip; <br \/> <a class=\"read-more\" href=\"https:\/\/www.gordon-verwaltung.de\/index.php\/go-module\/\">Weiterlesen<\/a><\/p>\n","protected":false},"author":2,"featured_media":0,"parent":0,"menu_order":0,"comment_status":"closed","ping_status":"closed","template":"","meta":{"footnotes":""},"class_list":["post-288","page","type-page","status-publish","hentry"],"_links":{"self":[{"href":"https:\/\/www.gordon-verwaltung.de\/index.php\/wp-json\/wp\/v2\/pages\/288","targetHints":{"allow":["GET"]}}],"collection":[{"href":"https:\/\/www.gordon-verwaltung.de\/index.php\/wp-json\/wp\/v2\/pages"}],"about":[{"href":"https:\/\/www.gordon-verwaltung.de\/index.php\/wp-json\/wp\/v2\/types\/page"}],"author":[{"embeddable":true,"href":"https:\/\/www.gordon-verwaltung.de\/index.php\/wp-json\/wp\/v2\/users\/2"}],"replies":[{"embeddable":true,"href":"https:\/\/www.gordon-verwaltung.de\/index.php\/wp-json\/wp\/v2\/comments?post=288"}],"version-history":[{"count":13,"href":"https:\/\/www.gordon-verwaltung.de\/index.php\/wp-json\/wp\/v2\/pages\/288\/revisions"}],"predecessor-version":[{"id":613,"href":"https:\/\/www.gordon-verwaltung.de\/index.php\/wp-json\/wp\/v2\/pages\/288\/revisions\/613"}],"wp:attachment":[{"href":"https:\/\/www.gordon-verwaltung.de\/index.php\/wp-json\/wp\/v2\/media?parent=288"}],"curies":[{"name":"wp","href":"https:\/\/api.w.org\/{rel}","templated":true}]}}