{"id":304,"date":"2022-03-31T21:37:10","date_gmt":"2022-03-31T19:37:10","guid":{"rendered":"https:\/\/server.it-services-haase.de\/?page_id=304"},"modified":"2022-04-06T10:46:40","modified_gmt":"2022-04-06T08:46:40","slug":"go-modul-01-fuss","status":"publish","type":"page","link":"https:\/\/www.gordon-verwaltung.de\/index.php\/go-modul-01-fuss\/","title":{"rendered":"Modul-01-Mast und Fu\u00df"},"content":{"rendered":"\n<figure class=\"wp-block-image size-large\"><img loading=\"lazy\" decoding=\"async\" width=\"321\" height=\"1024\" src=\"https:\/\/www.gordon-verwaltung.de\/wp-content\/uploads\/2022\/04\/IMG_6846-321x1024.jpg\" alt=\"\" class=\"wp-image-572\" srcset=\"https:\/\/www.gordon-verwaltung.de\/wp-content\/uploads\/2022\/04\/IMG_6846-321x1024.jpg 321w, https:\/\/www.gordon-verwaltung.de\/wp-content\/uploads\/2022\/04\/IMG_6846-94x300.jpg 94w, https:\/\/www.gordon-verwaltung.de\/wp-content\/uploads\/2022\/04\/IMG_6846.jpg 380w\" sizes=\"auto, (max-width: 321px) 100vw, 321px\" \/><\/figure>\n\n\n\n<p>&nbsp;<\/p>\n\n\n\n<p class=\"has-medium-font-size\">Mast im Fu\u00df (Balken 6&#215;6 cm am 7&#215;7 cm Fu\u00dfbalken), zweiteilig<\/p>\n\n\n\n<figure class=\"wp-block-image size-full\"><img loading=\"lazy\" decoding=\"async\" width=\"800\" height=\"952\" src=\"https:\/\/www.gordon-verwaltung.de\/wp-content\/uploads\/2022\/04\/01060001-MastinFuss_126.jpg\" alt=\"\" class=\"wp-image-454\" srcset=\"https:\/\/www.gordon-verwaltung.de\/wp-content\/uploads\/2022\/04\/01060001-MastinFuss_126.jpg 800w, https:\/\/www.gordon-verwaltung.de\/wp-content\/uploads\/2022\/04\/01060001-MastinFuss_126-252x300.jpg 252w, https:\/\/www.gordon-verwaltung.de\/wp-content\/uploads\/2022\/04\/01060001-MastinFuss_126-768x914.jpg 768w\" sizes=\"auto, (max-width: 800px) 100vw, 800px\" \/><figcaption>Fuss mit eingestecktem Mast (15,5 cm Einstecktiefe)<\/figcaption><\/figure>\n\n\n\n<p>&nbsp;<\/p>\n\n\n\n<p class=\"has-medium-font-size\">Detailansicht, umbest\u00fcckter und best\u00fcckter Mast (6&#215;6) mit Fu\u00dfbalken (7&#215;7)<\/p>\n\n\n\n<figure class=\"wp-block-image size-large\"><img loading=\"lazy\" decoding=\"async\" width=\"1024\" height=\"298\" src=\"https:\/\/www.gordon-verwaltung.de\/wp-content\/uploads\/2022\/04\/IMG_8983-Kopie-1024x298.jpg\" alt=\"\" class=\"wp-image-570\" srcset=\"https:\/\/www.gordon-verwaltung.de\/wp-content\/uploads\/2022\/04\/IMG_8983-Kopie-1024x298.jpg 1024w, https:\/\/www.gordon-verwaltung.de\/wp-content\/uploads\/2022\/04\/IMG_8983-Kopie-300x87.jpg 300w, https:\/\/www.gordon-verwaltung.de\/wp-content\/uploads\/2022\/04\/IMG_8983-Kopie-768x224.jpg 768w, https:\/\/www.gordon-verwaltung.de\/wp-content\/uploads\/2022\/04\/IMG_8983-Kopie.jpg 1438w\" sizes=\"auto, (max-width: 1024px) 100vw, 1024px\" \/><\/figure>\n\n\n\n<figure class=\"wp-block-image size-large\"><img loading=\"lazy\" decoding=\"async\" width=\"332\" height=\"1024\" src=\"https:\/\/www.gordon-verwaltung.de\/wp-content\/uploads\/2022\/04\/IMG_6847-332x1024.jpg\" alt=\"\" class=\"wp-image-605\" srcset=\"https:\/\/www.gordon-verwaltung.de\/wp-content\/uploads\/2022\/04\/IMG_6847-332x1024.jpg 332w, https:\/\/www.gordon-verwaltung.de\/wp-content\/uploads\/2022\/04\/IMG_6847-97x300.jpg 97w, https:\/\/www.gordon-verwaltung.de\/wp-content\/uploads\/2022\/04\/IMG_6847-350x1080.jpg 350w, https:\/\/www.gordon-verwaltung.de\/wp-content\/uploads\/2022\/04\/IMG_6847.jpg 481w\" sizes=\"auto, (max-width: 332px) 100vw, 332px\" \/><figcaption>voll best\u00fcckter Mast<\/figcaption><\/figure>\n\n\n\n<p><\/p>\n\n\n\n<p>&nbsp;<\/p>\n\n\n\n<p class=\"has-medium-font-size\">Ganzer Mast, aufgebaut im Fu\u00df mit Panzer und Keil:<\/p>\n\n\n\n<figure class=\"wp-block-image size-large\"><img loading=\"lazy\" decoding=\"async\" width=\"448\" height=\"1024\" src=\"https:\/\/www.gordon-verwaltung.de\/wp-content\/uploads\/2022\/04\/Mast_im_Fuss_2664-448x1024.jpeg\" alt=\"\" class=\"wp-image-455\" srcset=\"https:\/\/www.gordon-verwaltung.de\/wp-content\/uploads\/2022\/04\/Mast_im_Fuss_2664-448x1024.jpeg 448w, https:\/\/www.gordon-verwaltung.de\/wp-content\/uploads\/2022\/04\/Mast_im_Fuss_2664-131x300.jpeg 131w, https:\/\/www.gordon-verwaltung.de\/wp-content\/uploads\/2022\/04\/Mast_im_Fuss_2664-768x1757.jpeg 768w, https:\/\/www.gordon-verwaltung.de\/wp-content\/uploads\/2022\/04\/Mast_im_Fuss_2664-895x2048.jpeg 895w, https:\/\/www.gordon-verwaltung.de\/wp-content\/uploads\/2022\/04\/Mast_im_Fuss_2664-1024x2342.jpeg 1024w, https:\/\/www.gordon-verwaltung.de\/wp-content\/uploads\/2022\/04\/Mast_im_Fuss_2664-472x1080.jpeg 472w, https:\/\/www.gordon-verwaltung.de\/wp-content\/uploads\/2022\/04\/Mast_im_Fuss_2664-scaled.jpeg 1119w\" sizes=\"auto, (max-width: 448px) 100vw, 448px\" \/><figcaption>Im Fu\u00df mit Fu\u00dfpanzer und Keil aufgebauter und mit Panzer und Ausleger (mit Reifentr\u00e4ger) voll best\u00fcckter Mast<\/figcaption><\/figure>\n\n\n\n<p><\/p>\n\n\n\n<p>&nbsp;<\/p>\n\n\n\n<p class=\"has-medium-font-size\">Fertig montierter Fu\u00df (75 x 33x 16 cm), auch zur Aufstellung auf unebenem Gel\u00e4nde (bei Indoor gen\u00fcgt ein 60 cm breiter Fu\u00df):<\/p>\n\n\n\n<figure class=\"wp-block-image\"><img decoding=\"async\" src=\"https:\/\/server.it-services-haase.de\/wp-content\/uploads\/2022\/04\/01050001-Fussmontiert_32C2.jpeg\" alt=\"\" class=\"wp-image-374\"\/><figcaption>Fu\u00df komplett  (15,5 cm Einstecktiefe)<\/figcaption><\/figure>\n\n\n\n<p>&nbsp;<\/p>\n\n\n\n<p class=\"has-medium-font-size\">Einzelbestandteil Holzstapelhilfe f\u00fcr 7&#215;7 Balken:<\/p>\n\n\n\n<figure class=\"wp-block-image is-resized\"><img loading=\"lazy\" decoding=\"async\" src=\"https:\/\/server.it-services-haase.de\/wp-content\/uploads\/2022\/04\/01020000-Fusshuelse_2312-1024x768.jpg\" alt=\"\" class=\"wp-image-375\" width=\"840\" height=\"630\"\/><figcaption>Holzstapehilfe 7&#215;7  (15,5 cm Einstecktiefe)<\/figcaption><\/figure>\n\n\n\n<p>&nbsp;<\/p>\n\n\n\n<p class=\"has-medium-font-size\">Einzelbestandteil L\u00e4ngsbalken (75 x 4-5 x 6-7 cm) mit an der Unterseite herausstehender Sechskantschraube:<\/p>\n\n\n\n<figure class=\"wp-block-image\"><img decoding=\"async\" src=\"https:\/\/server.it-services-haase.de\/wp-content\/uploads\/2022\/04\/01030000-Fussholzbreite_2327-1024x428.jpg\" alt=\"\" class=\"wp-image-376\"\/><\/figure>\n\n\n\n<p>&nbsp;<\/p>\n\n\n\n<p class=\"has-medium-font-size\">Einzelbestandteil Queraussteifung (?passend? x 4 x 6 cm) durch versenkte 8 x 120 mm Schraube verbunden:<\/p>\n\n\n\n<figure class=\"wp-block-image\"><img decoding=\"async\" src=\"https:\/\/server.it-services-haase.de\/wp-content\/uploads\/2022\/04\/01030000-Fussbreite_2331-570x1024.jpg\" alt=\"\" class=\"wp-image-377\"\/><\/figure>\n\n\n\n<p>&nbsp;<\/p>\n\n\n\n<figure class=\"wp-block-image size-large\"><img loading=\"lazy\" decoding=\"async\" width=\"605\" height=\"1024\" src=\"https:\/\/www.gordon-verwaltung.de\/wp-content\/uploads\/2022\/04\/IMG_5839-Kopie-605x1024.jpg\" alt=\"\" class=\"wp-image-574\" srcset=\"https:\/\/www.gordon-verwaltung.de\/wp-content\/uploads\/2022\/04\/IMG_5839-Kopie-605x1024.jpg 605w, https:\/\/www.gordon-verwaltung.de\/wp-content\/uploads\/2022\/04\/IMG_5839-Kopie-177x300.jpg 177w, https:\/\/www.gordon-verwaltung.de\/wp-content\/uploads\/2022\/04\/IMG_5839-Kopie-638x1080.jpg 638w, https:\/\/www.gordon-verwaltung.de\/wp-content\/uploads\/2022\/04\/IMG_5839-Kopie.jpg 659w\" sizes=\"auto, (max-width: 605px) 100vw, 605px\" \/><\/figure>\n\n\n\n<p class=\"has-medium-font-size\">Einzelbestandteil Fusspanzer (Seitenansicht) aus 7&#215;7 x 30-40 cm Balken, 6 x 6 x 15-25 cm Abstandsblock und 4-6 x 12 x 32-42 Vorderbalken:<\/p>\n\n\n\n<figure class=\"wp-block-image\"><img decoding=\"async\" src=\"https:\/\/server.it-services-haase.de\/wp-content\/uploads\/2022\/04\/01040000-Fusspanzerseitlich_2303-1024x576.jpg\" alt=\"\" class=\"wp-image-378\"\/><figcaption>Fu\u00dfpanzer, 3-teilig  (15,5 cm Einstecktiefe)<\/figcaption><\/figure>\n\n\n\n<p>&nbsp;<\/p>\n\n\n\n<p class=\"has-medium-font-size\">Einzelbestandteil Fusspanzer (Hinteransicht) aus 7&#215;7 x 30-40 cm Balken, 6 x 6 x 15-25 cm Abstandsblock und 4-6 x 12 x 32-42 Vorderbalken:<\/p>\n\n\n\n<figure class=\"wp-block-image\"><img decoding=\"async\" src=\"https:\/\/server.it-services-haase.de\/wp-content\/uploads\/2022\/04\/01040000-Fusspanzermastseite_2304-1024x463.jpg\" alt=\"\" class=\"wp-image-379\"\/><figcaption>Fu\u00dfpanzer, Hinteransicht   (15,5 cm Einstecktiefe)<\/figcaption><\/figure>\n\n\n\n<p>&nbsp;<\/p>\n\n\n\n<p class=\"has-medium-font-size\">Fuss best\u00fcckt mit Mast und Fu\u00dfpanzer:<\/p>\n\n\n\n<figure class=\"wp-block-image\"><img decoding=\"async\" src=\"https:\/\/server.it-services-haase.de\/wp-content\/uploads\/2022\/04\/01060002-PanzerinFuss_0127-688x1024.jpg\" alt=\"\" class=\"wp-image-380\"\/><\/figure>\n\n\n\n<p>&nbsp;<\/p>\n\n\n\n<p class=\"has-medium-font-size\">Fuss voll best\u00fcckt mit Keil (f\u00fchrt zur festen Klemmverbindung von Fu\u00df, Mast und Fusspanzer):<\/p>\n\n\n\n<figure class=\"wp-block-image\"><img decoding=\"async\" src=\"https:\/\/server.it-services-haase.de\/wp-content\/uploads\/2022\/04\/01060003-KeilinFuss_0128-853x1024.jpg\" alt=\"\" class=\"wp-image-381\"\/><\/figure>\n\n\n\n<figure class=\"wp-block-image size-large\"><img loading=\"lazy\" decoding=\"async\" width=\"1024\" height=\"768\" src=\"https:\/\/www.gordon-verwaltung.de\/wp-content\/uploads\/2022\/04\/IMG_1572-Kopie-1024x768.jpg\" alt=\"\" class=\"wp-image-585\" srcset=\"https:\/\/www.gordon-verwaltung.de\/wp-content\/uploads\/2022\/04\/IMG_1572-Kopie-1024x768.jpg 1024w, https:\/\/www.gordon-verwaltung.de\/wp-content\/uploads\/2022\/04\/IMG_1572-Kopie-300x225.jpg 300w, https:\/\/www.gordon-verwaltung.de\/wp-content\/uploads\/2022\/04\/IMG_1572-Kopie-768x576.jpg 768w, https:\/\/www.gordon-verwaltung.de\/wp-content\/uploads\/2022\/04\/IMG_1572-Kopie.jpg 1032w\" sizes=\"auto, (max-width: 1024px) 100vw, 1024px\" \/><\/figure>\n","protected":false},"excerpt":{"rendered":"<p>&nbsp; Mast im Fu\u00df (Balken 6&#215;6 cm am 7&#215;7 cm Fu\u00dfbalken), zweiteilig &nbsp; Detailansicht, umbest\u00fcckter und best\u00fcckter Mast (6&#215;6) mit Fu\u00dfbalken (7&#215;7) &nbsp; Ganzer Mast, aufgebaut im Fu\u00df mit Panzer und Keil: &nbsp; Fertig montierter Fu\u00df (75 x 33x 16 cm), auch zur Aufstellung auf unebenem Gel\u00e4nde (bei Indoor gen\u00fcgt ein 60 cm breiter Fu\u00df):&hellip; <br \/> <a class=\"read-more\" href=\"https:\/\/www.gordon-verwaltung.de\/index.php\/go-modul-01-fuss\/\">Weiterlesen<\/a><\/p>\n","protected":false},"author":2,"featured_media":0,"parent":0,"menu_order":0,"comment_status":"closed","ping_status":"closed","template":"","meta":{"footnotes":""},"class_list":["post-304","page","type-page","status-publish","hentry"],"_links":{"self":[{"href":"https:\/\/www.gordon-verwaltung.de\/index.php\/wp-json\/wp\/v2\/pages\/304","targetHints":{"allow":["GET"]}}],"collection":[{"href":"https:\/\/www.gordon-verwaltung.de\/index.php\/wp-json\/wp\/v2\/pages"}],"about":[{"href":"https:\/\/www.gordon-verwaltung.de\/index.php\/wp-json\/wp\/v2\/types\/page"}],"author":[{"embeddable":true,"href":"https:\/\/www.gordon-verwaltung.de\/index.php\/wp-json\/wp\/v2\/users\/2"}],"replies":[{"embeddable":true,"href":"https:\/\/www.gordon-verwaltung.de\/index.php\/wp-json\/wp\/v2\/comments?post=304"}],"version-history":[{"count":10,"href":"https:\/\/www.gordon-verwaltung.de\/index.php\/wp-json\/wp\/v2\/pages\/304\/revisions"}],"predecessor-version":[{"id":606,"href":"https:\/\/www.gordon-verwaltung.de\/index.php\/wp-json\/wp\/v2\/pages\/304\/revisions\/606"}],"wp:attachment":[{"href":"https:\/\/www.gordon-verwaltung.de\/index.php\/wp-json\/wp\/v2\/media?parent=304"}],"curies":[{"name":"wp","href":"https:\/\/api.w.org\/{rel}","templated":true}]}}