{"id":306,"date":"2022-03-31T21:37:31","date_gmt":"2022-03-31T19:37:31","guid":{"rendered":"https:\/\/server.it-services-haase.de\/?page_id=306"},"modified":"2022-04-03T11:02:27","modified_gmt":"2022-04-03T09:02:27","slug":"go-modul-03-ausleger","status":"publish","type":"page","link":"https:\/\/www.gordon-verwaltung.de\/index.php\/go-modul-03-ausleger\/","title":{"rendered":"Modul-03-Ausleger"},"content":{"rendered":"\n<p class=\"has-large-font-size\"><strong>mit Zubeh\u00f6r: Reifentr\u00e4ger und Riser<\/strong><\/p>\n\n\n\n<p class=\"has-medium-font-size\">Ausleger mit kurzen oder langen Armen f\u00fcr Balken von 58 bis 75 mm Kantenl\u00e4nge:<\/p>\n\n\n\n<figure class=\"wp-block-image size-large is-resized\"><img loading=\"lazy\" decoding=\"async\" src=\"https:\/\/www.gordon-verwaltung.de\/wp-content\/uploads\/2022\/04\/03020000-Auslegerkurzundlang_2316-1024x1019.jpg\" alt=\"\" class=\"wp-image-404\" width=\"840\" height=\"835\" srcset=\"https:\/\/www.gordon-verwaltung.de\/wp-content\/uploads\/2022\/04\/03020000-Auslegerkurzundlang_2316-1024x1019.jpg 1024w, https:\/\/www.gordon-verwaltung.de\/wp-content\/uploads\/2022\/04\/03020000-Auslegerkurzundlang_2316-150x150.jpg 150w, https:\/\/www.gordon-verwaltung.de\/wp-content\/uploads\/2022\/04\/03020000-Auslegerkurzundlang_2316-768x764.jpg 768w, https:\/\/www.gordon-verwaltung.de\/wp-content\/uploads\/2022\/04\/03020000-Auslegerkurzundlang_2316-1536x1529.jpg 1536w, https:\/\/www.gordon-verwaltung.de\/wp-content\/uploads\/2022\/04\/03020000-Auslegerkurzundlang_2316-2048x2038.jpg 2048w, https:\/\/www.gordon-verwaltung.de\/wp-content\/uploads\/2022\/04\/03020000-Auslegerkurzundlang_2316-1085x1080.jpg 1085w\" sizes=\"auto, (max-width: 840px) 100vw, 840px\" \/><figcaption>Ausleger kann und kurz, Seitenansicht<\/figcaption><\/figure>\n\n\n\n<p>&nbsp;<\/p>\n\n\n\n<p class=\"has-medium-font-size\">Detailansichten Ausleger mit Montage- und Halteschrauben:<\/p>\n\n\n\n<figure class=\"wp-block-image size-large\"><img loading=\"lazy\" decoding=\"async\" width=\"1024\" height=\"711\" src=\"https:\/\/www.gordon-verwaltung.de\/wp-content\/uploads\/2022\/04\/03010100-Auslegerkurz_2314-1024x711.jpg\" alt=\"\" class=\"wp-image-405\" srcset=\"https:\/\/www.gordon-verwaltung.de\/wp-content\/uploads\/2022\/04\/03010100-Auslegerkurz_2314-1024x711.jpg 1024w, https:\/\/www.gordon-verwaltung.de\/wp-content\/uploads\/2022\/04\/03010100-Auslegerkurz_2314-300x208.jpg 300w, https:\/\/www.gordon-verwaltung.de\/wp-content\/uploads\/2022\/04\/03010100-Auslegerkurz_2314-768x534.jpg 768w, https:\/\/www.gordon-verwaltung.de\/wp-content\/uploads\/2022\/04\/03010100-Auslegerkurz_2314-1536x1067.jpg 1536w, https:\/\/www.gordon-verwaltung.de\/wp-content\/uploads\/2022\/04\/03010100-Auslegerkurz_2314-2048x1423.jpg 2048w, https:\/\/www.gordon-verwaltung.de\/wp-content\/uploads\/2022\/04\/03010100-Auslegerkurz_2314-1554x1080.jpg 1554w\" sizes=\"auto, (max-width: 1024px) 100vw, 1024px\" \/><figcaption>Ausleger lang und kurz, Seiten-, Auf- und Untersicht<\/figcaption><\/figure>\n\n\n\n<p>&nbsp;<\/p>\n\n\n\n<p class=\"has-medium-font-size\">Detailansicht anmontierter Ausleger mit Tr\u00e4gerschraube f\u00fcr Aufsteckmontage &#8222;Oben auf dem Mast&#8220;:<\/p>\n\n\n\n<figure class=\"wp-block-image size-large\"><img loading=\"lazy\" decoding=\"async\" width=\"962\" height=\"1024\" src=\"https:\/\/www.gordon-verwaltung.de\/wp-content\/uploads\/2022\/04\/03000001_Auslegermontage_1613-962x1024.jpg\" alt=\"\" class=\"wp-image-407\" srcset=\"https:\/\/www.gordon-verwaltung.de\/wp-content\/uploads\/2022\/04\/03000001_Auslegermontage_1613-962x1024.jpg 962w, https:\/\/www.gordon-verwaltung.de\/wp-content\/uploads\/2022\/04\/03000001_Auslegermontage_1613-282x300.jpg 282w, https:\/\/www.gordon-verwaltung.de\/wp-content\/uploads\/2022\/04\/03000001_Auslegermontage_1613-768x818.jpg 768w, https:\/\/www.gordon-verwaltung.de\/wp-content\/uploads\/2022\/04\/03000001_Auslegermontage_1613-1443x1536.jpg 1443w, https:\/\/www.gordon-verwaltung.de\/wp-content\/uploads\/2022\/04\/03000001_Auslegermontage_1613-1024x1090.jpg 1024w, https:\/\/www.gordon-verwaltung.de\/wp-content\/uploads\/2022\/04\/03000001_Auslegermontage_1613-1014x1080.jpg 1014w, https:\/\/www.gordon-verwaltung.de\/wp-content\/uploads\/2022\/04\/03000001_Auslegermontage_1613.jpg 1528w\" sizes=\"auto, (max-width: 962px) 100vw, 962px\" \/><figcaption>Ausleger, ummontiert<\/figcaption><\/figure>\n\n\n\n<p>&nbsp;<\/p>\n\n\n\n<p class=\"has-medium-font-size\">Montierter Ausleger &#8222;oben auf dem Mast&#8220; (Seitenansicht):<\/p>\n\n\n\n<figure class=\"wp-block-image size-large is-resized\"><img loading=\"lazy\" decoding=\"async\" src=\"https:\/\/www.gordon-verwaltung.de\/wp-content\/uploads\/2022\/04\/03000002_Auslegermontage_1614-1024x798.jpg\" alt=\"\" class=\"wp-image-406\" width=\"840\" height=\"654\" srcset=\"https:\/\/www.gordon-verwaltung.de\/wp-content\/uploads\/2022\/04\/03000002_Auslegermontage_1614-1024x798.jpg 1024w, https:\/\/www.gordon-verwaltung.de\/wp-content\/uploads\/2022\/04\/03000002_Auslegermontage_1614-300x234.jpg 300w, https:\/\/www.gordon-verwaltung.de\/wp-content\/uploads\/2022\/04\/03000002_Auslegermontage_1614-768x599.jpg 768w, https:\/\/www.gordon-verwaltung.de\/wp-content\/uploads\/2022\/04\/03000002_Auslegermontage_1614-1385x1080.jpg 1385w, https:\/\/www.gordon-verwaltung.de\/wp-content\/uploads\/2022\/04\/03000002_Auslegermontage_1614.jpg 1516w\" sizes=\"auto, (max-width: 840px) 100vw, 840px\" \/><figcaption>Ausleger oben auf dem Mast, Seitenansicht<\/figcaption><\/figure>\n\n\n\n<p>&nbsp;<\/p>\n\n\n\n<p class=\"has-medium-font-size\">Montagehinweis f\u00fcr Langlochschraube (8&#215;80) zum Mastverklemmen:<\/p>\n\n\n\n<figure class=\"wp-block-image size-large\"><img loading=\"lazy\" decoding=\"async\" width=\"768\" height=\"1024\" src=\"https:\/\/www.gordon-verwaltung.de\/wp-content\/uploads\/2022\/04\/03000003_Auslegermontage_1615-768x1024.jpg\" alt=\"\" class=\"wp-image-408\" srcset=\"https:\/\/www.gordon-verwaltung.de\/wp-content\/uploads\/2022\/04\/03000003_Auslegermontage_1615-768x1024.jpg 768w, https:\/\/www.gordon-verwaltung.de\/wp-content\/uploads\/2022\/04\/03000003_Auslegermontage_1615-225x300.jpg 225w, https:\/\/www.gordon-verwaltung.de\/wp-content\/uploads\/2022\/04\/03000003_Auslegermontage_1615-1152x1536.jpg 1152w, https:\/\/www.gordon-verwaltung.de\/wp-content\/uploads\/2022\/04\/03000003_Auslegermontage_1615-1024x1365.jpg 1024w, https:\/\/www.gordon-verwaltung.de\/wp-content\/uploads\/2022\/04\/03000003_Auslegermontage_1615-810x1080.jpg 810w, https:\/\/www.gordon-verwaltung.de\/wp-content\/uploads\/2022\/04\/03000003_Auslegermontage_1615.jpg 1536w\" sizes=\"auto, (max-width: 768px) 100vw, 768px\" \/><figcaption>Auslegermontage &#8211; Mastklemmung \u00fcber Schraube im Vario-Langloch<\/figcaption><\/figure>\n\n\n\n<p>&nbsp;<\/p>\n\n\n\n<p class=\"has-medium-font-size\">Montagehinweis &#8222;Seitenfixierung&#8220;:<\/p>\n\n\n\n<figure class=\"wp-block-image size-large\"><img loading=\"lazy\" decoding=\"async\" width=\"869\" height=\"1024\" src=\"https:\/\/www.gordon-verwaltung.de\/wp-content\/uploads\/2022\/04\/03000004_Auslegermontage_1616-869x1024.jpg\" alt=\"\" class=\"wp-image-409\" srcset=\"https:\/\/www.gordon-verwaltung.de\/wp-content\/uploads\/2022\/04\/03000004_Auslegermontage_1616-869x1024.jpg 869w, https:\/\/www.gordon-verwaltung.de\/wp-content\/uploads\/2022\/04\/03000004_Auslegermontage_1616-255x300.jpg 255w, https:\/\/www.gordon-verwaltung.de\/wp-content\/uploads\/2022\/04\/03000004_Auslegermontage_1616-768x905.jpg 768w, https:\/\/www.gordon-verwaltung.de\/wp-content\/uploads\/2022\/04\/03000004_Auslegermontage_1616-1303x1536.jpg 1303w, https:\/\/www.gordon-verwaltung.de\/wp-content\/uploads\/2022\/04\/03000004_Auslegermontage_1616-1024x1207.jpg 1024w, https:\/\/www.gordon-verwaltung.de\/wp-content\/uploads\/2022\/04\/03000004_Auslegermontage_1616-916x1080.jpg 916w, https:\/\/www.gordon-verwaltung.de\/wp-content\/uploads\/2022\/04\/03000004_Auslegermontage_1616.jpg 1522w\" sizes=\"auto, (max-width: 869px) 100vw, 869px\" \/><figcaption>Auslegermontage, Seitenfixierung<\/figcaption><\/figure>\n\n\n\n<p>&nbsp;<\/p>\n\n\n\n<p class=\"has-medium-font-size\">Detailansicht, am Mast montierter Ausleger &#8222;am Mast h\u00f6henverstellbar&#8220;:<\/p>\n\n\n\n<figure class=\"wp-block-image size-large\"><img loading=\"lazy\" decoding=\"async\" width=\"1024\" height=\"890\" src=\"https:\/\/www.gordon-verwaltung.de\/wp-content\/uploads\/2022\/04\/03000007_Auslegermontage_1619-1024x890.jpg\" alt=\"\" class=\"wp-image-410\" srcset=\"https:\/\/www.gordon-verwaltung.de\/wp-content\/uploads\/2022\/04\/03000007_Auslegermontage_1619-1024x890.jpg 1024w, https:\/\/www.gordon-verwaltung.de\/wp-content\/uploads\/2022\/04\/03000007_Auslegermontage_1619-300x261.jpg 300w, https:\/\/www.gordon-verwaltung.de\/wp-content\/uploads\/2022\/04\/03000007_Auslegermontage_1619-768x667.jpg 768w, https:\/\/www.gordon-verwaltung.de\/wp-content\/uploads\/2022\/04\/03000007_Auslegermontage_1619-1243x1080.jpg 1243w, https:\/\/www.gordon-verwaltung.de\/wp-content\/uploads\/2022\/04\/03000007_Auslegermontage_1619.jpg 1495w\" sizes=\"auto, (max-width: 1024px) 100vw, 1024px\" \/><figcaption>Ausleger mit &#8222;Klangkl\u00f6tzchen&#8220; &#8211; gleitend\/h\u00f6jhenverstellbar  am Mast montiert<\/figcaption><\/figure>\n\n\n\n<p>&nbsp;<\/p>\n\n\n\n<p class=\"has-medium-font-size\">Auslegerzubeh\u00f6r Reifentr\u00e4ger:<\/p>\n\n\n\n<figure class=\"wp-block-image size-large\"><img loading=\"lazy\" decoding=\"async\" width=\"1024\" height=\"985\" src=\"https:\/\/www.gordon-verwaltung.de\/wp-content\/uploads\/2022\/04\/03030000-Reifentraeger_2318-1024x985.jpg\" alt=\"\" class=\"wp-image-411\" srcset=\"https:\/\/www.gordon-verwaltung.de\/wp-content\/uploads\/2022\/04\/03030000-Reifentraeger_2318-1024x985.jpg 1024w, https:\/\/www.gordon-verwaltung.de\/wp-content\/uploads\/2022\/04\/03030000-Reifentraeger_2318-300x288.jpg 300w, https:\/\/www.gordon-verwaltung.de\/wp-content\/uploads\/2022\/04\/03030000-Reifentraeger_2318-768x739.jpg 768w, https:\/\/www.gordon-verwaltung.de\/wp-content\/uploads\/2022\/04\/03030000-Reifentraeger_2318-1536x1477.jpg 1536w, https:\/\/www.gordon-verwaltung.de\/wp-content\/uploads\/2022\/04\/03030000-Reifentraeger_2318-2048x1969.jpg 2048w, https:\/\/www.gordon-verwaltung.de\/wp-content\/uploads\/2022\/04\/03030000-Reifentraeger_2318-1123x1080.jpg 1123w\" sizes=\"auto, (max-width: 1024px) 100vw, 1024px\" \/><figcaption>Reifentr\u00e4ger, verschiedene Ansichten<\/figcaption><\/figure>\n\n\n\n<p>&nbsp;<\/p>\n\n\n\n<p class=\"has-medium-font-size\">Detailansicht, Reifentr\u00e4ger montiert, dahinter F\u00f6rderbandgummi am Mast (optional):<\/p>\n\n\n\n<figure class=\"wp-block-image size-large\"><img loading=\"lazy\" decoding=\"async\" width=\"620\" height=\"1024\" src=\"https:\/\/www.gordon-verwaltung.de\/wp-content\/uploads\/2022\/04\/03030001-Reifentraegermintiert_2545-620x1024.jpg\" alt=\"\" class=\"wp-image-412\" srcset=\"https:\/\/www.gordon-verwaltung.de\/wp-content\/uploads\/2022\/04\/03030001-Reifentraegermintiert_2545-620x1024.jpg 620w, https:\/\/www.gordon-verwaltung.de\/wp-content\/uploads\/2022\/04\/03030001-Reifentraegermintiert_2545-182x300.jpg 182w, https:\/\/www.gordon-verwaltung.de\/wp-content\/uploads\/2022\/04\/03030001-Reifentraegermintiert_2545-768x1269.jpg 768w, https:\/\/www.gordon-verwaltung.de\/wp-content\/uploads\/2022\/04\/03030001-Reifentraegermintiert_2545-930x1536.jpg 930w, https:\/\/www.gordon-verwaltung.de\/wp-content\/uploads\/2022\/04\/03030001-Reifentraegermintiert_2545-1239x2048.jpg 1239w, https:\/\/www.gordon-verwaltung.de\/wp-content\/uploads\/2022\/04\/03030001-Reifentraegermintiert_2545-1024x1692.jpg 1024w, https:\/\/www.gordon-verwaltung.de\/wp-content\/uploads\/2022\/04\/03030001-Reifentraegermintiert_2545-654x1080.jpg 654w, https:\/\/www.gordon-verwaltung.de\/wp-content\/uploads\/2022\/04\/03030001-Reifentraegermintiert_2545-scaled.jpg 1549w\" sizes=\"auto, (max-width: 620px) 100vw, 620px\" \/><figcaption>Reifentr\u00e4ger am Ausleger montiert<\/figcaption><\/figure>\n\n\n\n<p>&nbsp;<\/p>\n\n\n\n<p class=\"has-medium-font-size\">Detailansicht, Reifentr\u00e4ger am Ausleger mit Reifen best\u00fcckt (13 Zoll f\u00fcr 20-er Platte empfohlen):<\/p>\n\n\n\n<figure class=\"wp-block-image size-large is-resized\"><img loading=\"lazy\" decoding=\"async\" src=\"https:\/\/www.gordon-verwaltung.de\/wp-content\/uploads\/2022\/04\/03030001-ReifentraegeraufAusleger_4161-1024x912.jpeg\" alt=\"\" class=\"wp-image-416\" width=\"840\" height=\"748\" srcset=\"https:\/\/www.gordon-verwaltung.de\/wp-content\/uploads\/2022\/04\/03030001-ReifentraegeraufAusleger_4161-1024x912.jpeg 1024w, https:\/\/www.gordon-verwaltung.de\/wp-content\/uploads\/2022\/04\/03030001-ReifentraegeraufAusleger_4161-300x267.jpeg 300w, https:\/\/www.gordon-verwaltung.de\/wp-content\/uploads\/2022\/04\/03030001-ReifentraegeraufAusleger_4161-768x684.jpeg 768w, https:\/\/www.gordon-verwaltung.de\/wp-content\/uploads\/2022\/04\/03030001-ReifentraegeraufAusleger_4161-1536x1367.jpeg 1536w, https:\/\/www.gordon-verwaltung.de\/wp-content\/uploads\/2022\/04\/03030001-ReifentraegeraufAusleger_4161-2048x1823.jpeg 2048w, https:\/\/www.gordon-verwaltung.de\/wp-content\/uploads\/2022\/04\/03030001-ReifentraegeraufAusleger_4161-1213x1080.jpeg 1213w\" sizes=\"auto, (max-width: 840px) 100vw, 840px\" \/><figcaption>Ausleger mit Reifentr\u00e4ger, Best\u00fcckt mit Platte und Reifen<\/figcaption><\/figure>\n\n\n\n<p>&nbsp;<\/p>\n\n\n\n<p class=\"has-medium-font-size\">Detailansicht, Reifentr\u00e4ger mit Platte best\u00fcckt, Seitenansicht:<\/p>\n\n\n\n<figure class=\"wp-block-image size-large\"><img loading=\"lazy\" decoding=\"async\" width=\"1024\" height=\"823\" src=\"https:\/\/www.gordon-verwaltung.de\/wp-content\/uploads\/2022\/04\/03030101-Reifentraegermontiert_8002-1024x823.jpg\" alt=\"\" class=\"wp-image-415\" srcset=\"https:\/\/www.gordon-verwaltung.de\/wp-content\/uploads\/2022\/04\/03030101-Reifentraegermontiert_8002-1024x823.jpg 1024w, https:\/\/www.gordon-verwaltung.de\/wp-content\/uploads\/2022\/04\/03030101-Reifentraegermontiert_8002-300x241.jpg 300w, https:\/\/www.gordon-verwaltung.de\/wp-content\/uploads\/2022\/04\/03030101-Reifentraegermontiert_8002-768x617.jpg 768w, https:\/\/www.gordon-verwaltung.de\/wp-content\/uploads\/2022\/04\/03030101-Reifentraegermontiert_8002-1536x1235.jpg 1536w, https:\/\/www.gordon-verwaltung.de\/wp-content\/uploads\/2022\/04\/03030101-Reifentraegermontiert_8002-1343x1080.jpg 1343w, https:\/\/www.gordon-verwaltung.de\/wp-content\/uploads\/2022\/04\/03030101-Reifentraegermontiert_8002.jpg 1943w\" sizes=\"auto, (max-width: 1024px) 100vw, 1024px\" \/><figcaption>Ausleger mit Reifentr\u00e4ger und Platte, Seitenansicht<\/figcaption><\/figure>\n\n\n\n<p>&nbsp;<\/p>\n\n\n\n<p class=\"has-medium-font-size\">Riser &#8211; zur Erh\u00f6hung und Vorverlegen der Scharnierachse (H\u00e4ngeebene):<\/p>\n\n\n\n<figure class=\"wp-block-image size-large\"><img loading=\"lazy\" decoding=\"async\" width=\"990\" height=\"1024\" src=\"https:\/\/www.gordon-verwaltung.de\/wp-content\/uploads\/2022\/04\/Riser_2634-990x1024.jpg\" alt=\"\" class=\"wp-image-446\" srcset=\"https:\/\/www.gordon-verwaltung.de\/wp-content\/uploads\/2022\/04\/Riser_2634-990x1024.jpg 990w, https:\/\/www.gordon-verwaltung.de\/wp-content\/uploads\/2022\/04\/Riser_2634-290x300.jpg 290w, https:\/\/www.gordon-verwaltung.de\/wp-content\/uploads\/2022\/04\/Riser_2634-768x794.jpg 768w, https:\/\/www.gordon-verwaltung.de\/wp-content\/uploads\/2022\/04\/Riser_2634-1485x1536.jpg 1485w, https:\/\/www.gordon-verwaltung.de\/wp-content\/uploads\/2022\/04\/Riser_2634-1980x2048.jpg 1980w, https:\/\/www.gordon-verwaltung.de\/wp-content\/uploads\/2022\/04\/Riser_2634-1024x1059.jpg 1024w, https:\/\/www.gordon-verwaltung.de\/wp-content\/uploads\/2022\/04\/Riser_2634-1044x1080.jpg 1044w\" sizes=\"auto, (max-width: 990px) 100vw, 990px\" \/><figcaption>Riser, 2 Ebenen<\/figcaption><\/figure>\n\n\n\n<figure class=\"wp-block-image size-large\"><img loading=\"lazy\" decoding=\"async\" width=\"1024\" height=\"888\" src=\"https:\/\/www.gordon-verwaltung.de\/wp-content\/uploads\/2022\/04\/Riser_2635-1024x888.jpg\" alt=\"\" class=\"wp-image-448\" srcset=\"https:\/\/www.gordon-verwaltung.de\/wp-content\/uploads\/2022\/04\/Riser_2635-1024x888.jpg 1024w, https:\/\/www.gordon-verwaltung.de\/wp-content\/uploads\/2022\/04\/Riser_2635-300x260.jpg 300w, https:\/\/www.gordon-verwaltung.de\/wp-content\/uploads\/2022\/04\/Riser_2635-768x666.jpg 768w, https:\/\/www.gordon-verwaltung.de\/wp-content\/uploads\/2022\/04\/Riser_2635-1536x1332.jpg 1536w, https:\/\/www.gordon-verwaltung.de\/wp-content\/uploads\/2022\/04\/Riser_2635-2048x1776.jpg 2048w, https:\/\/www.gordon-verwaltung.de\/wp-content\/uploads\/2022\/04\/Riser_2635-1246x1080.jpg 1246w\" sizes=\"auto, (max-width: 1024px) 100vw, 1024px\" \/><figcaption>Riser, 2 Ebenen <\/figcaption><\/figure>\n\n\n\n<p>&nbsp;<\/p>\n\n\n\n<p>Detailansicht, Riser montiert zur Erh\u00f6hung und Vorverlegung (Seitenansicht):<\/p>\n\n\n\n<figure class=\"wp-block-image size-large is-resized\"><img loading=\"lazy\" decoding=\"async\" src=\"https:\/\/www.gordon-verwaltung.de\/wp-content\/uploads\/2022\/04\/Riser_montiert_I2637-1024x768.jpg\" alt=\"\" class=\"wp-image-449\" width=\"840\" height=\"630\" srcset=\"https:\/\/www.gordon-verwaltung.de\/wp-content\/uploads\/2022\/04\/Riser_montiert_I2637-1024x768.jpg 1024w, https:\/\/www.gordon-verwaltung.de\/wp-content\/uploads\/2022\/04\/Riser_montiert_I2637-300x225.jpg 300w, https:\/\/www.gordon-verwaltung.de\/wp-content\/uploads\/2022\/04\/Riser_montiert_I2637-768x576.jpg 768w, https:\/\/www.gordon-verwaltung.de\/wp-content\/uploads\/2022\/04\/Riser_montiert_I2637-1536x1152.jpg 1536w, https:\/\/www.gordon-verwaltung.de\/wp-content\/uploads\/2022\/04\/Riser_montiert_I2637-2048x1536.jpg 2048w, https:\/\/www.gordon-verwaltung.de\/wp-content\/uploads\/2022\/04\/Riser_montiert_I2637-1440x1080.jpg 1440w\" sizes=\"auto, (max-width: 840px) 100vw, 840px\" \/><figcaption>Riser, einfache Erh\u00f6hung plus Vorverlegung Scharnierachse<\/figcaption><\/figure>\n\n\n\n<p>&nbsp;<\/p>\n\n\n\n<p>Dateilansicht, Riser von vorn mit Mastpanzer dahinter:<\/p>\n\n\n\n<figure class=\"wp-block-image size-large\"><img loading=\"lazy\" decoding=\"async\" width=\"1024\" height=\"768\" src=\"https:\/\/www.gordon-verwaltung.de\/wp-content\/uploads\/2022\/04\/Riser_montiert_2640-1024x768.jpg\" alt=\"\" class=\"wp-image-450\" srcset=\"https:\/\/www.gordon-verwaltung.de\/wp-content\/uploads\/2022\/04\/Riser_montiert_2640-1024x768.jpg 1024w, https:\/\/www.gordon-verwaltung.de\/wp-content\/uploads\/2022\/04\/Riser_montiert_2640-300x225.jpg 300w, https:\/\/www.gordon-verwaltung.de\/wp-content\/uploads\/2022\/04\/Riser_montiert_2640-768x576.jpg 768w, https:\/\/www.gordon-verwaltung.de\/wp-content\/uploads\/2022\/04\/Riser_montiert_2640-1536x1152.jpg 1536w, https:\/\/www.gordon-verwaltung.de\/wp-content\/uploads\/2022\/04\/Riser_montiert_2640-2048x1536.jpg 2048w, https:\/\/www.gordon-verwaltung.de\/wp-content\/uploads\/2022\/04\/Riser_montiert_2640-1440x1080.jpg 1440w\" sizes=\"auto, (max-width: 1024px) 100vw, 1024px\" \/><figcaption>Riser, Ansicht von vorn<\/figcaption><\/figure>\n\n\n\n<p><\/p>\n","protected":false},"excerpt":{"rendered":"<p>mit Zubeh\u00f6r: Reifentr\u00e4ger und Riser Ausleger mit kurzen oder langen Armen f\u00fcr Balken von 58 bis 75 mm Kantenl\u00e4nge: &nbsp; Detailansichten Ausleger mit Montage- und Halteschrauben: &nbsp; Detailansicht anmontierter Ausleger mit Tr\u00e4gerschraube f\u00fcr Aufsteckmontage &#8222;Oben auf dem Mast&#8220;: &nbsp; Montierter Ausleger &#8222;oben auf dem Mast&#8220; (Seitenansicht): &nbsp; Montagehinweis f\u00fcr Langlochschraube (8&#215;80) zum Mastverklemmen: &nbsp; Montagehinweis&hellip; <br \/> <a class=\"read-more\" href=\"https:\/\/www.gordon-verwaltung.de\/index.php\/go-modul-03-ausleger\/\">Weiterlesen<\/a><\/p>\n","protected":false},"author":2,"featured_media":0,"parent":0,"menu_order":0,"comment_status":"closed","ping_status":"closed","template":"","meta":{"footnotes":""},"class_list":["post-306","page","type-page","status-publish","hentry"],"_links":{"self":[{"href":"https:\/\/www.gordon-verwaltung.de\/index.php\/wp-json\/wp\/v2\/pages\/306","targetHints":{"allow":["GET"]}}],"collection":[{"href":"https:\/\/www.gordon-verwaltung.de\/index.php\/wp-json\/wp\/v2\/pages"}],"about":[{"href":"https:\/\/www.gordon-verwaltung.de\/index.php\/wp-json\/wp\/v2\/types\/page"}],"author":[{"embeddable":true,"href":"https:\/\/www.gordon-verwaltung.de\/index.php\/wp-json\/wp\/v2\/users\/2"}],"replies":[{"embeddable":true,"href":"https:\/\/www.gordon-verwaltung.de\/index.php\/wp-json\/wp\/v2\/comments?post=306"}],"version-history":[{"count":9,"href":"https:\/\/www.gordon-verwaltung.de\/index.php\/wp-json\/wp\/v2\/pages\/306\/revisions"}],"predecessor-version":[{"id":452,"href":"https:\/\/www.gordon-verwaltung.de\/index.php\/wp-json\/wp\/v2\/pages\/306\/revisions\/452"}],"wp:attachment":[{"href":"https:\/\/www.gordon-verwaltung.de\/index.php\/wp-json\/wp\/v2\/media?parent=306"}],"curies":[{"name":"wp","href":"https:\/\/api.w.org\/{rel}","templated":true}]}}