{"id":308,"date":"2022-03-31T21:37:53","date_gmt":"2022-03-31T19:37:53","guid":{"rendered":"https:\/\/server.it-services-haase.de\/?page_id=308"},"modified":"2022-04-07T12:07:01","modified_gmt":"2022-04-07T10:07:01","slug":"go-modul-04-plates","status":"publish","type":"page","link":"https:\/\/www.gordon-verwaltung.de\/index.php\/go-modul-04-plates\/","title":{"rendered":"Modul-04-Plates"},"content":{"rendered":"\n<p class=\"has-large-font-size\"><strong>und mit Zielen best\u00fcckte Masten<\/strong><\/p>\n\n\n\n<p class=\"has-large-font-size\">I. Die Speed Steel\u00ae -Ziele der Matchagentur  erf\u00fcllen alle gesetzlichen Anforderungen sowie die Vorgaben der Schie\u00dfstandrichtlinie (<a rel=\"noreferrer noopener\" href=\"https:\/\/www.schiessstandrichtlinien.de\/wp-content\/uploads\/2022\/02\/Schiessstandrichtlinien-2022.pdf?fbclid=IwAR0eece4V-CZJjxZ5IVvf6Eb73fUn3x6Xe2H3-0EAykSGzaJHpr5UdH-YoQ\" target=\"_blank\">Downloadlink<\/a>).<\/p>\n\n\n\n<p class=\"has-medium-font-size\">II. Es bedarf f\u00fcr den Einsatz keiner &#8222;Bauart &#8211; Zulassung&#8220;!\u00a0Der Einsatz musst sich aber (nur) im Rahmen der waffen- und schie\u00dfstandrechtlichen Regeln bewegen.\u00a0Das hei\u00dft, das WaffG (z.B. Zielform, Waffen, Munition) ist einzuhalten und weiterhin\u00a01. sind die Vorgaben der Standzulassung (Beschie\u00dfen undurchdringbarer Ziele) zu beachten\u00a0und\u00a02. die Schie\u00dfstandrichtlinie (technische Spezifikation der Ziele, Abst\u00e4nde, Splitterfangk\u00e4sten, Kugelfang) ist einzu halten.\u00a0<\/p>\n\n\n\n<p><\/p>\n\n\n\n<p class=\"has-medium-font-size\">III. F\u00fcr die modularen Zielaufbauten der GORDON gilt:<br>1. Die Stahlziele (Runde Platten mit 20, 25 und 30 cm Durchmesser und Rechteckplatten 46*61 cm, vgl. RL 6.2.1. S. 1) sind Stahlziele iSd Ziffer 2.6.3.7. der Richtlinie und entsprechen den oben genannten Richtlinien ab Punkt 6.2.Die Ziele sind geeignet f\u00fcr Beschuss aus Waffen mit Munition bis zu einer Bewegungsenergie von 1500 Joule (keine Vollgeschosse gem. RL 6.2.5) aus einer Entfernung ab 7 Metern (RL 6.2.1. S.4).<br>2. Die Ziele haben eine Dicke von ca. 10 mm und besitzen (einschlie\u00dflich der verwendeten, insoweit beschrifteten Schrauben) eine Zugfestigkeit > 1000 N\/mm2. (RL 6.2.1. S. 3). Die Materialspezifikation liegt jedem Lieferschein beim Plattenkauf bei.<br>3. Die Ziele werden bestimmungsgem\u00e4\u00df an Auslegern mit Hakenscharnieren beweglich aufgeh\u00e4ngt. (RL6.2.1. S.2)<\/p>\n\n\n\n<p>&nbsp;<\/p>\n\n\n\n<p class=\"has-large-font-size\">H\u00e4ngeplatten<\/p>\n\n\n\n<p class=\"has-large-font-size\">Ronden mit Flachkopfschrauben und Haken (f\u00fcr richtlinienkonforme Scharnieraufnahme)<\/p>\n\n\n\n<figure class=\"wp-block-image size-large\"><img loading=\"lazy\" decoding=\"async\" width=\"1024\" height=\"700\" src=\"https:\/\/www.gordon-verwaltung.de\/wp-content\/uploads\/2022\/04\/Zielteile-alle_3317-Kopie-1024x700.jpg\" alt=\"\" class=\"wp-image-529\" srcset=\"https:\/\/www.gordon-verwaltung.de\/wp-content\/uploads\/2022\/04\/Zielteile-alle_3317-Kopie-1024x700.jpg 1024w, https:\/\/www.gordon-verwaltung.de\/wp-content\/uploads\/2022\/04\/Zielteile-alle_3317-Kopie-300x205.jpg 300w, https:\/\/www.gordon-verwaltung.de\/wp-content\/uploads\/2022\/04\/Zielteile-alle_3317-Kopie-768x525.jpg 768w, https:\/\/www.gordon-verwaltung.de\/wp-content\/uploads\/2022\/04\/Zielteile-alle_3317-Kopie.jpg 1222w\" sizes=\"auto, (max-width: 1024px) 100vw, 1024px\" \/><\/figure>\n\n\n\n<p><\/p>\n\n\n\n<p class=\"has-large-font-size\">20 cm Ronde, 25 cm Ronde, 30 cm Ronde<\/p>\n\n\n\n<figure class=\"wp-block-image size-full\"><img loading=\"lazy\" decoding=\"async\" width=\"996\" height=\"432\" src=\"https:\/\/www.gordon-verwaltung.de\/wp-content\/uploads\/2022\/04\/Platten_rund_20-25-30-Kopie.jpg\" alt=\"\" class=\"wp-image-545\" srcset=\"https:\/\/www.gordon-verwaltung.de\/wp-content\/uploads\/2022\/04\/Platten_rund_20-25-30-Kopie.jpg 996w, https:\/\/www.gordon-verwaltung.de\/wp-content\/uploads\/2022\/04\/Platten_rund_20-25-30-Kopie-300x130.jpg 300w, https:\/\/www.gordon-verwaltung.de\/wp-content\/uploads\/2022\/04\/Platten_rund_20-25-30-Kopie-768x333.jpg 768w\" sizes=\"auto, (max-width: 996px) 100vw, 996px\" \/><\/figure>\n\n\n\n<figure class=\"wp-block-image size-large is-resized\"><img loading=\"lazy\" decoding=\"async\" src=\"https:\/\/www.gordon-verwaltung.de\/wp-content\/uploads\/2022\/04\/Ronden_5487-601x1024.jpeg\" alt=\"\" class=\"wp-image-486\" width=\"601\" height=\"1024\" srcset=\"https:\/\/www.gordon-verwaltung.de\/wp-content\/uploads\/2022\/04\/Ronden_5487-601x1024.jpeg 601w, https:\/\/www.gordon-verwaltung.de\/wp-content\/uploads\/2022\/04\/Ronden_5487-176x300.jpeg 176w, https:\/\/www.gordon-verwaltung.de\/wp-content\/uploads\/2022\/04\/Ronden_5487-768x1309.jpeg 768w, https:\/\/www.gordon-verwaltung.de\/wp-content\/uploads\/2022\/04\/Ronden_5487-901x1536.jpeg 901w, https:\/\/www.gordon-verwaltung.de\/wp-content\/uploads\/2022\/04\/Ronden_5487-634x1080.jpeg 634w, https:\/\/www.gordon-verwaltung.de\/wp-content\/uploads\/2022\/04\/Ronden_5487.jpeg 993w\" sizes=\"auto, (max-width: 601px) 100vw, 601px\" \/><\/figure>\n\n\n\n<p class=\"has-large-font-size\">Rechteckplatte 46*61 cm im 82 x 56 Kasten mit Holz und Bautenschutzmatte als Splitterfang<\/p>\n\n\n\n<figure class=\"wp-block-image size-large\"><img loading=\"lazy\" decoding=\"async\" width=\"703\" height=\"1024\" src=\"https:\/\/www.gordon-verwaltung.de\/wp-content\/uploads\/2022\/04\/Rechteck_Beispiel_01a-703x1024.jpeg\" alt=\"\" class=\"wp-image-478\" srcset=\"https:\/\/www.gordon-verwaltung.de\/wp-content\/uploads\/2022\/04\/Rechteck_Beispiel_01a-703x1024.jpeg 703w, https:\/\/www.gordon-verwaltung.de\/wp-content\/uploads\/2022\/04\/Rechteck_Beispiel_01a-206x300.jpeg 206w, https:\/\/www.gordon-verwaltung.de\/wp-content\/uploads\/2022\/04\/Rechteck_Beispiel_01a-768x1118.jpeg 768w, https:\/\/www.gordon-verwaltung.de\/wp-content\/uploads\/2022\/04\/Rechteck_Beispiel_01a-742x1080.jpeg 742w, https:\/\/www.gordon-verwaltung.de\/wp-content\/uploads\/2022\/04\/Rechteck_Beispiel_01a.jpeg 867w\" sizes=\"auto, (max-width: 703px) 100vw, 703px\" \/><\/figure>\n\n\n\n<p>&nbsp;<\/p>\n\n\n\n<p class=\"has-large-font-size\">Halsplatten f\u00fcr Bolzenaufnahme in FP-Anlagen oder FP-Basis I, hier 20 cm <\/p>\n\n\n\n<p><\/p>\n\n\n\n<figure class=\"wp-block-image size-large\"><img loading=\"lazy\" decoding=\"async\" width=\"768\" height=\"1024\" src=\"https:\/\/www.gordon-verwaltung.de\/wp-content\/uploads\/2022\/04\/Bild-Halsplmklbl_3646-Kopie-768x1024.jpg\" alt=\"\" class=\"wp-image-526\" srcset=\"https:\/\/www.gordon-verwaltung.de\/wp-content\/uploads\/2022\/04\/Bild-Halsplmklbl_3646-Kopie-768x1024.jpg 768w, https:\/\/www.gordon-verwaltung.de\/wp-content\/uploads\/2022\/04\/Bild-Halsplmklbl_3646-Kopie-225x300.jpg 225w, https:\/\/www.gordon-verwaltung.de\/wp-content\/uploads\/2022\/04\/Bild-Halsplmklbl_3646-Kopie.jpg 799w\" sizes=\"auto, (max-width: 768px) 100vw, 768px\" \/><\/figure>\n\n\n\n<p>&nbsp;<\/p>\n\n\n\n<figure class=\"wp-block-image size-large\"><img loading=\"lazy\" decoding=\"async\" width=\"1024\" height=\"686\" src=\"https:\/\/www.gordon-verwaltung.de\/wp-content\/uploads\/2022\/04\/StP_klein_3650-Kopie-1024x686.jpg\" alt=\"\" class=\"wp-image-593\" srcset=\"https:\/\/www.gordon-verwaltung.de\/wp-content\/uploads\/2022\/04\/StP_klein_3650-Kopie-1024x686.jpg 1024w, https:\/\/www.gordon-verwaltung.de\/wp-content\/uploads\/2022\/04\/StP_klein_3650-Kopie-300x201.jpg 300w, https:\/\/www.gordon-verwaltung.de\/wp-content\/uploads\/2022\/04\/StP_klein_3650-Kopie-768x514.jpg 768w, https:\/\/www.gordon-verwaltung.de\/wp-content\/uploads\/2022\/04\/StP_klein_3650-Kopie-1536x1029.jpg 1536w, https:\/\/www.gordon-verwaltung.de\/wp-content\/uploads\/2022\/04\/StP_klein_3650-Kopie-1613x1080.jpg 1613w, https:\/\/www.gordon-verwaltung.de\/wp-content\/uploads\/2022\/04\/StP_klein_3650-Kopie.jpg 1868w\" sizes=\"auto, (max-width: 1024px) 100vw, 1024px\" \/><\/figure>\n\n\n\n<p class=\"has-large-font-size\">Detailansicht: Klemmblech (schraubbar) f\u00fcr Bolzenaufnahme<\/p>\n\n\n\n<figure class=\"wp-block-image size-large\"><img loading=\"lazy\" decoding=\"async\" width=\"821\" height=\"1024\" src=\"https:\/\/www.gordon-verwaltung.de\/wp-content\/uploads\/2022\/04\/Bild-Klembl_3572-Kopie-821x1024.jpg\" alt=\"\" class=\"wp-image-528\" srcset=\"https:\/\/www.gordon-verwaltung.de\/wp-content\/uploads\/2022\/04\/Bild-Klembl_3572-Kopie-821x1024.jpg 821w, https:\/\/www.gordon-verwaltung.de\/wp-content\/uploads\/2022\/04\/Bild-Klembl_3572-Kopie-241x300.jpg 241w, https:\/\/www.gordon-verwaltung.de\/wp-content\/uploads\/2022\/04\/Bild-Klembl_3572-Kopie-768x958.jpg 768w, https:\/\/www.gordon-verwaltung.de\/wp-content\/uploads\/2022\/04\/Bild-Klembl_3572-Kopie-866x1080.jpg 866w, https:\/\/www.gordon-verwaltung.de\/wp-content\/uploads\/2022\/04\/Bild-Klembl_3572-Kopie.jpg 914w\" sizes=\"auto, (max-width: 821px) 100vw, 821px\" \/><\/figure>\n\n\n\n<p><\/p>\n\n\n\n<p class=\"has-large-font-size\">Halsplatte mit Klemmblech und Bolzen neben Basis I<\/p>\n\n\n\n<figure class=\"wp-block-image size-large\"><img loading=\"lazy\" decoding=\"async\" width=\"783\" height=\"1024\" src=\"https:\/\/www.gordon-verwaltung.de\/wp-content\/uploads\/2022\/04\/Bild-HalsplmKlemmbl_3902-Kopie-783x1024.jpg\" alt=\"\" class=\"wp-image-527\" srcset=\"https:\/\/www.gordon-verwaltung.de\/wp-content\/uploads\/2022\/04\/Bild-HalsplmKlemmbl_3902-Kopie-783x1024.jpg 783w, https:\/\/www.gordon-verwaltung.de\/wp-content\/uploads\/2022\/04\/Bild-HalsplmKlemmbl_3902-Kopie-230x300.jpg 230w, https:\/\/www.gordon-verwaltung.de\/wp-content\/uploads\/2022\/04\/Bild-HalsplmKlemmbl_3902-Kopie-768x1004.jpg 768w, https:\/\/www.gordon-verwaltung.de\/wp-content\/uploads\/2022\/04\/Bild-HalsplmKlemmbl_3902-Kopie-826x1080.jpg 826w, https:\/\/www.gordon-verwaltung.de\/wp-content\/uploads\/2022\/04\/Bild-HalsplmKlemmbl_3902-Kopie.jpg 918w\" sizes=\"auto, (max-width: 783px) 100vw, 783px\" \/><\/figure>\n\n\n\n<p>&nbsp;<\/p>\n\n\n\n<p class=\"has-large-font-size\">Haken<br>kurz f\u00fcr Rechteckplatten, Langloch, Hoher Drehpunkt, nur f\u00fcr Reifentr\u00e4ger oder Riser, Langloch, niedriger Drehpunkt, 3-er Lochreihe f\u00fcr variable aber fixierte H\u00e4ngeposition<\/p>\n\n\n\n<p><\/p>\n\n\n\n<figure class=\"wp-block-image size-large\"><img loading=\"lazy\" decoding=\"async\" width=\"1024\" height=\"768\" src=\"https:\/\/www.gordon-verwaltung.de\/wp-content\/uploads\/2022\/04\/Hooks_2636a-1024x768.jpg\" alt=\"\" class=\"wp-image-481\" srcset=\"https:\/\/www.gordon-verwaltung.de\/wp-content\/uploads\/2022\/04\/Hooks_2636a-1024x768.jpg 1024w, https:\/\/www.gordon-verwaltung.de\/wp-content\/uploads\/2022\/04\/Hooks_2636a-300x225.jpg 300w, https:\/\/www.gordon-verwaltung.de\/wp-content\/uploads\/2022\/04\/Hooks_2636a-768x576.jpg 768w, https:\/\/www.gordon-verwaltung.de\/wp-content\/uploads\/2022\/04\/Hooks_2636a.jpg 1216w\" sizes=\"auto, (max-width: 1024px) 100vw, 1024px\" \/><\/figure>\n\n\n\n<p>&nbsp;<\/p>\n\n\n\n<figure class=\"wp-block-image size-large\"><img loading=\"lazy\" decoding=\"async\" width=\"478\" height=\"1024\" src=\"https:\/\/www.gordon-verwaltung.de\/wp-content\/uploads\/2022\/04\/Haken3_lang_mit_Mat-478x1024.jpg\" alt=\"\" class=\"wp-image-591\" srcset=\"https:\/\/www.gordon-verwaltung.de\/wp-content\/uploads\/2022\/04\/Haken3_lang_mit_Mat-478x1024.jpg 478w, https:\/\/www.gordon-verwaltung.de\/wp-content\/uploads\/2022\/04\/Haken3_lang_mit_Mat-140x300.jpg 140w, https:\/\/www.gordon-verwaltung.de\/wp-content\/uploads\/2022\/04\/Haken3_lang_mit_Mat-768x1644.jpg 768w, https:\/\/www.gordon-verwaltung.de\/wp-content\/uploads\/2022\/04\/Haken3_lang_mit_Mat-718x1536.jpg 718w, https:\/\/www.gordon-verwaltung.de\/wp-content\/uploads\/2022\/04\/Haken3_lang_mit_Mat.jpg 941w\" sizes=\"auto, (max-width: 478px) 100vw, 478px\" \/><\/figure>\n\n\n\n<p class=\"has-large-font-size\"><strong>Stegplatten<\/strong><br>15 und 20 cm-Platten f\u00fcr FP-Basis II (stehend oder h\u00e4ngend) f\u00fcr Selfsetter, Knock-down oder Seilaufstellersystem<\/p>\n\n\n\n<figure class=\"wp-block-image size-large\"><img loading=\"lazy\" decoding=\"async\" width=\"1024\" height=\"674\" src=\"https:\/\/www.gordon-verwaltung.de\/wp-content\/uploads\/2022\/04\/Stegplatte15_5218-1024x674.jpeg\" alt=\"\" class=\"wp-image-483\" srcset=\"https:\/\/www.gordon-verwaltung.de\/wp-content\/uploads\/2022\/04\/Stegplatte15_5218-1024x674.jpeg 1024w, https:\/\/www.gordon-verwaltung.de\/wp-content\/uploads\/2022\/04\/Stegplatte15_5218-300x197.jpeg 300w, https:\/\/www.gordon-verwaltung.de\/wp-content\/uploads\/2022\/04\/Stegplatte15_5218-768x506.jpeg 768w, https:\/\/www.gordon-verwaltung.de\/wp-content\/uploads\/2022\/04\/Stegplatte15_5218-1536x1011.jpeg 1536w, https:\/\/www.gordon-verwaltung.de\/wp-content\/uploads\/2022\/04\/Stegplatte15_5218-1641x1080.jpeg 1641w, https:\/\/www.gordon-verwaltung.de\/wp-content\/uploads\/2022\/04\/Stegplatte15_5218.jpeg 1773w\" sizes=\"auto, (max-width: 1024px) 100vw, 1024px\" \/><\/figure>\n\n\n\n<figure class=\"wp-block-image size-large\"><img loading=\"lazy\" decoding=\"async\" width=\"734\" height=\"1024\" src=\"https:\/\/www.gordon-verwaltung.de\/wp-content\/uploads\/2022\/04\/Stegplatte20_5093-734x1024.jpeg\" alt=\"\" class=\"wp-image-484\" srcset=\"https:\/\/www.gordon-verwaltung.de\/wp-content\/uploads\/2022\/04\/Stegplatte20_5093-734x1024.jpeg 734w, https:\/\/www.gordon-verwaltung.de\/wp-content\/uploads\/2022\/04\/Stegplatte20_5093-215x300.jpeg 215w, https:\/\/www.gordon-verwaltung.de\/wp-content\/uploads\/2022\/04\/Stegplatte20_5093-768x1071.jpeg 768w, https:\/\/www.gordon-verwaltung.de\/wp-content\/uploads\/2022\/04\/Stegplatte20_5093-1024x1428.jpeg 1024w, https:\/\/www.gordon-verwaltung.de\/wp-content\/uploads\/2022\/04\/Stegplatte20_5093-774x1080.jpeg 774w, https:\/\/www.gordon-verwaltung.de\/wp-content\/uploads\/2022\/04\/Stegplatte20_5093.jpeg 1074w\" sizes=\"auto, (max-width: 734px) 100vw, 734px\" \/><\/figure>\n\n\n\n<p class=\"has-large-font-size\">Plattensteg mit Bippus<\/p>\n\n\n\n<figure class=\"wp-block-image size-large\"><img loading=\"lazy\" decoding=\"async\" width=\"1024\" height=\"747\" src=\"https:\/\/www.gordon-verwaltung.de\/wp-content\/uploads\/2022\/04\/Plattensteg_mit_Bippus_5180-Kopie-1024x747.jpg\" alt=\"\" class=\"wp-image-544\" srcset=\"https:\/\/www.gordon-verwaltung.de\/wp-content\/uploads\/2022\/04\/Plattensteg_mit_Bippus_5180-Kopie-1024x747.jpg 1024w, https:\/\/www.gordon-verwaltung.de\/wp-content\/uploads\/2022\/04\/Plattensteg_mit_Bippus_5180-Kopie-300x219.jpg 300w, https:\/\/www.gordon-verwaltung.de\/wp-content\/uploads\/2022\/04\/Plattensteg_mit_Bippus_5180-Kopie-768x561.jpg 768w, https:\/\/www.gordon-verwaltung.de\/wp-content\/uploads\/2022\/04\/Plattensteg_mit_Bippus_5180-Kopie.jpg 1270w\" sizes=\"auto, (max-width: 1024px) 100vw, 1024px\" \/><\/figure>\n\n\n\n<p><\/p>\n\n\n\n<p>&nbsp;<\/p>\n\n\n\n<p class=\"has-large-font-size\">Sonderplatten<br>Fallbohne &#8222;Beast&#8220; (f\u00fcr Bolzenmontage in FP-Basis I)<\/p>\n\n\n\n<figure class=\"wp-block-image size-large\"><img loading=\"lazy\" decoding=\"async\" width=\"455\" height=\"1024\" src=\"https:\/\/www.gordon-verwaltung.de\/wp-content\/uploads\/2022\/04\/FallbohneDetail4_4089a-455x1024.jpeg\" alt=\"\" class=\"wp-image-467\" srcset=\"https:\/\/www.gordon-verwaltung.de\/wp-content\/uploads\/2022\/04\/FallbohneDetail4_4089a-455x1024.jpeg 455w, https:\/\/www.gordon-verwaltung.de\/wp-content\/uploads\/2022\/04\/FallbohneDetail4_4089a-133x300.jpeg 133w, https:\/\/www.gordon-verwaltung.de\/wp-content\/uploads\/2022\/04\/FallbohneDetail4_4089a-480x1080.jpeg 480w, https:\/\/www.gordon-verwaltung.de\/wp-content\/uploads\/2022\/04\/FallbohneDetail4_4089a.jpeg 667w\" sizes=\"auto, (max-width: 455px) 100vw, 455px\" \/><\/figure>\n\n\n\n<p>&nbsp;<\/p>\n\n\n\n<p class=\"has-large-font-size\">Fallbohne &#8222;BEAST&#8220; aufgebaut<\/p>\n\n\n\n<figure class=\"wp-block-image size-large\"><img loading=\"lazy\" decoding=\"async\" width=\"573\" height=\"1024\" src=\"https:\/\/www.gordon-verwaltung.de\/wp-content\/uploads\/2022\/04\/Frontansicht7_4122a-573x1024.jpeg\" alt=\"\" class=\"wp-image-479\" srcset=\"https:\/\/www.gordon-verwaltung.de\/wp-content\/uploads\/2022\/04\/Frontansicht7_4122a-573x1024.jpeg 573w, https:\/\/www.gordon-verwaltung.de\/wp-content\/uploads\/2022\/04\/Frontansicht7_4122a-168x300.jpeg 168w, https:\/\/www.gordon-verwaltung.de\/wp-content\/uploads\/2022\/04\/Frontansicht7_4122a-768x1371.jpeg 768w, https:\/\/www.gordon-verwaltung.de\/wp-content\/uploads\/2022\/04\/Frontansicht7_4122a-860x1536.jpeg 860w, https:\/\/www.gordon-verwaltung.de\/wp-content\/uploads\/2022\/04\/Frontansicht7_4122a-605x1080.jpeg 605w, https:\/\/www.gordon-verwaltung.de\/wp-content\/uploads\/2022\/04\/Frontansicht7_4122a.jpeg 863w\" sizes=\"auto, (max-width: 573px) 100vw, 573px\" \/><\/figure>\n\n\n\n<p>&nbsp;<\/p>\n\n\n\n<p class=\"has-large-font-size\"><br>Stage &#8222;Kill the BEAST&#8220; mit BEAST und ISSA-Logoplatte (f\u00fcr FP-Basis I)<\/p>\n\n\n\n<figure class=\"wp-block-image size-large\"><img loading=\"lazy\" decoding=\"async\" width=\"1024\" height=\"886\" src=\"https:\/\/www.gordon-verwaltung.de\/wp-content\/uploads\/2022\/04\/KTB-kpl_4955-1024x886.jpeg\" alt=\"\" class=\"wp-image-485\" srcset=\"https:\/\/www.gordon-verwaltung.de\/wp-content\/uploads\/2022\/04\/KTB-kpl_4955-1024x886.jpeg 1024w, https:\/\/www.gordon-verwaltung.de\/wp-content\/uploads\/2022\/04\/KTB-kpl_4955-300x260.jpeg 300w, https:\/\/www.gordon-verwaltung.de\/wp-content\/uploads\/2022\/04\/KTB-kpl_4955-768x665.jpeg 768w, https:\/\/www.gordon-verwaltung.de\/wp-content\/uploads\/2022\/04\/KTB-kpl_4955.jpeg 1123w\" sizes=\"auto, (max-width: 1024px) 100vw, 1024px\" \/><\/figure>\n\n\n\n<p>&nbsp;<\/p>\n\n\n\n<p class=\"has-large-font-size\"><strong>Masten, best\u00fcckt<\/strong><\/p>\n\n\n\n<p class=\"has-large-font-size\">Solomast mit Einzel-Platte (mit Rundblechschutz)<\/p>\n\n\n\n<figure class=\"wp-block-image size-full\"><img loading=\"lazy\" decoding=\"async\" width=\"199\" height=\"606\" src=\"https:\/\/www.gordon-verwaltung.de\/wp-content\/uploads\/2022\/04\/Stageidee_01-Kopie.jpg\" alt=\"\" class=\"wp-image-531\" srcset=\"https:\/\/www.gordon-verwaltung.de\/wp-content\/uploads\/2022\/04\/Stageidee_01-Kopie.jpg 199w, https:\/\/www.gordon-verwaltung.de\/wp-content\/uploads\/2022\/04\/Stageidee_01-Kopie-99x300.jpg 99w\" sizes=\"auto, (max-width: 199px) 100vw, 199px\" \/><\/figure>\n\n\n\n<p><\/p>\n\n\n\n<p>&nbsp;<\/p>\n\n\n\n<p class=\"has-large-font-size\">Double-Pole mit Kasten, voll aufgebaut<\/p>\n\n\n\n<figure class=\"wp-block-image size-large\"><img loading=\"lazy\" decoding=\"async\" width=\"768\" height=\"1024\" src=\"https:\/\/www.gordon-verwaltung.de\/wp-content\/uploads\/2022\/04\/Double_Beispiel_01-768x1024.jpg\" alt=\"\" class=\"wp-image-474\" srcset=\"https:\/\/www.gordon-verwaltung.de\/wp-content\/uploads\/2022\/04\/Double_Beispiel_01-768x1024.jpg 768w, https:\/\/www.gordon-verwaltung.de\/wp-content\/uploads\/2022\/04\/Double_Beispiel_01-225x300.jpg 225w, https:\/\/www.gordon-verwaltung.de\/wp-content\/uploads\/2022\/04\/Double_Beispiel_01-1152x1536.jpg 1152w, https:\/\/www.gordon-verwaltung.de\/wp-content\/uploads\/2022\/04\/Double_Beispiel_01-1536x2048.jpg 1536w, https:\/\/www.gordon-verwaltung.de\/wp-content\/uploads\/2022\/04\/Double_Beispiel_01-1024x1365.jpg 1024w, https:\/\/www.gordon-verwaltung.de\/wp-content\/uploads\/2022\/04\/Double_Beispiel_01-810x1080.jpg 810w, https:\/\/www.gordon-verwaltung.de\/wp-content\/uploads\/2022\/04\/Double_Beispiel_01-scaled.jpg 1920w\" sizes=\"auto, (max-width: 768px) 100vw, 768px\" \/><\/figure>\n\n\n\n<p>&nbsp;<\/p>\n\n\n\n<p class=\"has-large-font-size\"><br>Double Pole mit Reifen und Kasten<\/p>\n\n\n\n<figure class=\"wp-block-image size-large\"><img loading=\"lazy\" decoding=\"async\" width=\"578\" height=\"1024\" src=\"https:\/\/www.gordon-verwaltung.de\/wp-content\/uploads\/2022\/04\/IMG_5449-578x1024.jpeg\" alt=\"\" class=\"wp-image-482\" srcset=\"https:\/\/www.gordon-verwaltung.de\/wp-content\/uploads\/2022\/04\/IMG_5449-578x1024.jpeg 578w, https:\/\/www.gordon-verwaltung.de\/wp-content\/uploads\/2022\/04\/IMG_5449-169x300.jpeg 169w, https:\/\/www.gordon-verwaltung.de\/wp-content\/uploads\/2022\/04\/IMG_5449-609x1080.jpeg 609w, https:\/\/www.gordon-verwaltung.de\/wp-content\/uploads\/2022\/04\/IMG_5449.jpeg 656w\" sizes=\"auto, (max-width: 578px) 100vw, 578px\" \/><\/figure>\n\n\n\n<p>&nbsp;<\/p>\n\n\n\n<p class=\"has-large-font-size\">Triple-Pole im Kasten, voll aufgebaut<\/p>\n\n\n\n<figure class=\"wp-block-image size-large\"><img loading=\"lazy\" decoding=\"async\" width=\"681\" height=\"1024\" src=\"https:\/\/www.gordon-verwaltung.de\/wp-content\/uploads\/2022\/04\/Triple-Pole_a-681x1024.jpg\" alt=\"\" class=\"wp-image-477\" srcset=\"https:\/\/www.gordon-verwaltung.de\/wp-content\/uploads\/2022\/04\/Triple-Pole_a-681x1024.jpg 681w, https:\/\/www.gordon-verwaltung.de\/wp-content\/uploads\/2022\/04\/Triple-Pole_a-200x300.jpg 200w, https:\/\/www.gordon-verwaltung.de\/wp-content\/uploads\/2022\/04\/Triple-Pole_a-768x1154.jpg 768w, https:\/\/www.gordon-verwaltung.de\/wp-content\/uploads\/2022\/04\/Triple-Pole_a-1022x1536.jpg 1022w, https:\/\/www.gordon-verwaltung.de\/wp-content\/uploads\/2022\/04\/Triple-Pole_a-1024x1539.jpg 1024w, https:\/\/www.gordon-verwaltung.de\/wp-content\/uploads\/2022\/04\/Triple-Pole_a-718x1080.jpg 718w, https:\/\/www.gordon-verwaltung.de\/wp-content\/uploads\/2022\/04\/Triple-Pole_a.jpg 1111w\" sizes=\"auto, (max-width: 681px) 100vw, 681px\" \/><\/figure>\n\n\n\n<p>&nbsp;<\/p>\n\n\n\n<p class=\"has-large-font-size\">Seitlich, nur Ausleger ohne Platten und Splitterfangkasten<\/p>\n\n\n\n<figure class=\"wp-block-image size-large\"><img loading=\"lazy\" decoding=\"async\" width=\"576\" height=\"1024\" src=\"https:\/\/www.gordon-verwaltung.de\/wp-content\/uploads\/2022\/04\/Triple_setilicha-576x1024.jpeg\" alt=\"\" class=\"wp-image-471\" srcset=\"https:\/\/www.gordon-verwaltung.de\/wp-content\/uploads\/2022\/04\/Triple_setilicha-576x1024.jpeg 576w, https:\/\/www.gordon-verwaltung.de\/wp-content\/uploads\/2022\/04\/Triple_setilicha-169x300.jpeg 169w, https:\/\/www.gordon-verwaltung.de\/wp-content\/uploads\/2022\/04\/Triple_setilicha-608x1080.jpeg 608w, https:\/\/www.gordon-verwaltung.de\/wp-content\/uploads\/2022\/04\/Triple_setilicha.jpeg 618w\" sizes=\"auto, (max-width: 576px) 100vw, 576px\" \/><\/figure>\n\n\n\n<p>&nbsp;<\/p>\n\n\n\n<p class=\"has-large-font-size\">Quadro-Pole im Kasten mit 2 No-shoots<\/p>\n\n\n\n<figure class=\"wp-block-image size-large\"><img loading=\"lazy\" decoding=\"async\" width=\"768\" height=\"1024\" src=\"https:\/\/www.gordon-verwaltung.de\/wp-content\/uploads\/2022\/04\/Quadropole_82x52a-768x1024.jpeg\" alt=\"\" class=\"wp-image-476\" srcset=\"https:\/\/www.gordon-verwaltung.de\/wp-content\/uploads\/2022\/04\/Quadropole_82x52a-768x1024.jpeg 768w, https:\/\/www.gordon-verwaltung.de\/wp-content\/uploads\/2022\/04\/Quadropole_82x52a-225x300.jpeg 225w, https:\/\/www.gordon-verwaltung.de\/wp-content\/uploads\/2022\/04\/Quadropole_82x52a.jpeg 774w\" sizes=\"auto, (max-width: 768px) 100vw, 768px\" \/><\/figure>\n\n\n\n<p>&nbsp;<\/p>\n\n\n\n<p class=\"has-large-font-size\">Detail: \u00dcberlappende Plattenh\u00e4ngung am Multipole<\/p>\n\n\n\n<figure class=\"wp-block-image size-large\"><img loading=\"lazy\" decoding=\"async\" width=\"1024\" height=\"1024\" src=\"https:\/\/www.gordon-verwaltung.de\/wp-content\/uploads\/2022\/04\/Haken_Gordon-1024x1024.jpg\" alt=\"\" class=\"wp-image-468\" srcset=\"https:\/\/www.gordon-verwaltung.de\/wp-content\/uploads\/2022\/04\/Haken_Gordon-1024x1024.jpg 1024w, https:\/\/www.gordon-verwaltung.de\/wp-content\/uploads\/2022\/04\/Haken_Gordon-300x300.jpg 300w, https:\/\/www.gordon-verwaltung.de\/wp-content\/uploads\/2022\/04\/Haken_Gordon-150x150.jpg 150w, https:\/\/www.gordon-verwaltung.de\/wp-content\/uploads\/2022\/04\/Haken_Gordon-768x768.jpg 768w, https:\/\/www.gordon-verwaltung.de\/wp-content\/uploads\/2022\/04\/Haken_Gordon-1536x1536.jpg 1536w, https:\/\/www.gordon-verwaltung.de\/wp-content\/uploads\/2022\/04\/Haken_Gordon-2048x2048.jpg 2048w, https:\/\/www.gordon-verwaltung.de\/wp-content\/uploads\/2022\/04\/Haken_Gordon-1079x1080.jpg 1079w\" sizes=\"auto, (max-width: 1024px) 100vw, 1024px\" \/><\/figure>\n","protected":false},"excerpt":{"rendered":"<p>und mit Zielen best\u00fcckte Masten I. Die Speed Steel\u00ae -Ziele der Matchagentur erf\u00fcllen alle gesetzlichen Anforderungen sowie die Vorgaben der Schie\u00dfstandrichtlinie (Downloadlink). II. Es bedarf f\u00fcr den Einsatz keiner &#8222;Bauart &#8211; Zulassung&#8220;!\u00a0Der Einsatz musst sich aber (nur) im Rahmen der waffen- und schie\u00dfstandrechtlichen Regeln bewegen.\u00a0Das hei\u00dft, das WaffG (z.B. Zielform, Waffen, Munition) ist einzuhalten und&hellip; <br \/> <a class=\"read-more\" href=\"https:\/\/www.gordon-verwaltung.de\/index.php\/go-modul-04-plates\/\">Weiterlesen<\/a><\/p>\n","protected":false},"author":2,"featured_media":0,"parent":0,"menu_order":0,"comment_status":"closed","ping_status":"closed","template":"","meta":{"footnotes":""},"class_list":["post-308","page","type-page","status-publish","hentry"],"_links":{"self":[{"href":"https:\/\/www.gordon-verwaltung.de\/index.php\/wp-json\/wp\/v2\/pages\/308","targetHints":{"allow":["GET"]}}],"collection":[{"href":"https:\/\/www.gordon-verwaltung.de\/index.php\/wp-json\/wp\/v2\/pages"}],"about":[{"href":"https:\/\/www.gordon-verwaltung.de\/index.php\/wp-json\/wp\/v2\/types\/page"}],"author":[{"embeddable":true,"href":"https:\/\/www.gordon-verwaltung.de\/index.php\/wp-json\/wp\/v2\/users\/2"}],"replies":[{"embeddable":true,"href":"https:\/\/www.gordon-verwaltung.de\/index.php\/wp-json\/wp\/v2\/comments?post=308"}],"version-history":[{"count":26,"href":"https:\/\/www.gordon-verwaltung.de\/index.php\/wp-json\/wp\/v2\/pages\/308\/revisions"}],"predecessor-version":[{"id":621,"href":"https:\/\/www.gordon-verwaltung.de\/index.php\/wp-json\/wp\/v2\/pages\/308\/revisions\/621"}],"wp:attachment":[{"href":"https:\/\/www.gordon-verwaltung.de\/index.php\/wp-json\/wp\/v2\/media?parent=308"}],"curies":[{"name":"wp","href":"https:\/\/api.w.org\/{rel}","templated":true}]}}