{"id":311,"date":"2022-03-31T21:39:05","date_gmt":"2022-03-31T19:39:05","guid":{"rendered":"https:\/\/server.it-services-haase.de\/?page_id=311"},"modified":"2022-04-07T12:01:24","modified_gmt":"2022-04-07T10:01:24","slug":"go-modul-05-splitterfangkasten","status":"publish","type":"page","link":"https:\/\/www.gordon-verwaltung.de\/index.php\/go-modul-05-splitterfangkasten\/","title":{"rendered":"Modul-05-Splitterfangkasten"},"content":{"rendered":"\n<p><\/p>\n\n\n\n<figure class=\"wp-block-image size-full\"><img loading=\"lazy\" decoding=\"async\" width=\"792\" height=\"837\" src=\"https:\/\/www.gordon-verwaltung.de\/wp-content\/uploads\/2022\/04\/Splitterschutz_Rund_Einteilig_mit_Stab2-Kopie.jpg\" alt=\"\" class=\"wp-image-539\" srcset=\"https:\/\/www.gordon-verwaltung.de\/wp-content\/uploads\/2022\/04\/Splitterschutz_Rund_Einteilig_mit_Stab2-Kopie.jpg 792w, https:\/\/www.gordon-verwaltung.de\/wp-content\/uploads\/2022\/04\/Splitterschutz_Rund_Einteilig_mit_Stab2-Kopie-284x300.jpg 284w, https:\/\/www.gordon-verwaltung.de\/wp-content\/uploads\/2022\/04\/Splitterschutz_Rund_Einteilig_mit_Stab2-Kopie-768x812.jpg 768w\" sizes=\"auto, (max-width: 792px) 100vw, 792px\" \/><\/figure>\n\n\n\n<p><\/p>\n\n\n\n<figure class=\"wp-block-image size-full\"><img loading=\"lazy\" decoding=\"async\" width=\"694\" height=\"724\" src=\"https:\/\/www.gordon-verwaltung.de\/wp-content\/uploads\/2022\/04\/Singlepole_5119.jpeg\" alt=\"\" class=\"wp-image-541\" srcset=\"https:\/\/www.gordon-verwaltung.de\/wp-content\/uploads\/2022\/04\/Singlepole_5119.jpeg 694w, https:\/\/www.gordon-verwaltung.de\/wp-content\/uploads\/2022\/04\/Singlepole_5119-288x300.jpeg 288w\" sizes=\"auto, (max-width: 694px) 100vw, 694px\" \/><\/figure>\n\n\n\n<figure class=\"wp-block-image size-large\"><img loading=\"lazy\" decoding=\"async\" width=\"837\" height=\"1024\" src=\"https:\/\/www.gordon-verwaltung.de\/wp-content\/uploads\/2022\/04\/SP-Stapel1_3406-Kopie-837x1024.jpg\" alt=\"\" class=\"wp-image-560\" srcset=\"https:\/\/www.gordon-verwaltung.de\/wp-content\/uploads\/2022\/04\/SP-Stapel1_3406-Kopie-837x1024.jpg 837w, https:\/\/www.gordon-verwaltung.de\/wp-content\/uploads\/2022\/04\/SP-Stapel1_3406-Kopie-245x300.jpg 245w, https:\/\/www.gordon-verwaltung.de\/wp-content\/uploads\/2022\/04\/SP-Stapel1_3406-Kopie-768x939.jpg 768w, https:\/\/www.gordon-verwaltung.de\/wp-content\/uploads\/2022\/04\/SP-Stapel1_3406-Kopie-1024x1253.jpg 1024w, https:\/\/www.gordon-verwaltung.de\/wp-content\/uploads\/2022\/04\/SP-Stapel1_3406-Kopie-883x1080.jpg 883w, https:\/\/www.gordon-verwaltung.de\/wp-content\/uploads\/2022\/04\/SP-Stapel1_3406-Kopie.jpg 1151w\" sizes=\"auto, (max-width: 837px) 100vw, 837px\" \/><\/figure>\n\n\n\n<figure class=\"wp-block-image size-large\"><img loading=\"lazy\" decoding=\"async\" width=\"680\" height=\"1024\" src=\"https:\/\/www.gordon-verwaltung.de\/wp-content\/uploads\/2022\/04\/Rectangel_Rueckseite-680x1024.jpg\" alt=\"\" class=\"wp-image-562\" srcset=\"https:\/\/www.gordon-verwaltung.de\/wp-content\/uploads\/2022\/04\/Rectangel_Rueckseite-680x1024.jpg 680w, https:\/\/www.gordon-verwaltung.de\/wp-content\/uploads\/2022\/04\/Rectangel_Rueckseite-199x300.jpg 199w, https:\/\/www.gordon-verwaltung.de\/wp-content\/uploads\/2022\/04\/Rectangel_Rueckseite-768x1157.jpg 768w, https:\/\/www.gordon-verwaltung.de\/wp-content\/uploads\/2022\/04\/Rectangel_Rueckseite-717x1080.jpg 717w, https:\/\/www.gordon-verwaltung.de\/wp-content\/uploads\/2022\/04\/Rectangel_Rueckseite.jpg 992w\" sizes=\"auto, (max-width: 680px) 100vw, 680px\" \/><\/figure>\n\n\n\n<p><\/p>\n\n\n\n<figure class=\"wp-block-image size-large\"><img loading=\"lazy\" decoding=\"async\" width=\"806\" height=\"1024\" src=\"https:\/\/www.gordon-verwaltung.de\/wp-content\/uploads\/2022\/04\/Rechteck-im-87x56_1470-Kopie-806x1024.jpg\" alt=\"\" class=\"wp-image-563\" srcset=\"https:\/\/www.gordon-verwaltung.de\/wp-content\/uploads\/2022\/04\/Rechteck-im-87x56_1470-Kopie-806x1024.jpg 806w, https:\/\/www.gordon-verwaltung.de\/wp-content\/uploads\/2022\/04\/Rechteck-im-87x56_1470-Kopie-236x300.jpg 236w, https:\/\/www.gordon-verwaltung.de\/wp-content\/uploads\/2022\/04\/Rechteck-im-87x56_1470-Kopie-768x975.jpg 768w, https:\/\/www.gordon-verwaltung.de\/wp-content\/uploads\/2022\/04\/Rechteck-im-87x56_1470-Kopie-1210x1536.jpg 1210w, https:\/\/www.gordon-verwaltung.de\/wp-content\/uploads\/2022\/04\/Rechteck-im-87x56_1470-Kopie-1024x1300.jpg 1024w, https:\/\/www.gordon-verwaltung.de\/wp-content\/uploads\/2022\/04\/Rechteck-im-87x56_1470-Kopie-851x1080.jpg 851w, https:\/\/www.gordon-verwaltung.de\/wp-content\/uploads\/2022\/04\/Rechteck-im-87x56_1470-Kopie.jpg 1409w\" sizes=\"auto, (max-width: 806px) 100vw, 806px\" \/><\/figure>\n\n\n\n<figure class=\"wp-block-image size-large\"><img loading=\"lazy\" decoding=\"async\" width=\"1024\" height=\"459\" src=\"https:\/\/www.gordon-verwaltung.de\/wp-content\/uploads\/2022\/04\/IMG_1277-Kopie-1024x459.jpg\" alt=\"\" class=\"wp-image-589\" srcset=\"https:\/\/www.gordon-verwaltung.de\/wp-content\/uploads\/2022\/04\/IMG_1277-Kopie-1024x459.jpg 1024w, https:\/\/www.gordon-verwaltung.de\/wp-content\/uploads\/2022\/04\/IMG_1277-Kopie-300x135.jpg 300w, https:\/\/www.gordon-verwaltung.de\/wp-content\/uploads\/2022\/04\/IMG_1277-Kopie-768x345.jpg 768w, https:\/\/www.gordon-verwaltung.de\/wp-content\/uploads\/2022\/04\/IMG_1277-Kopie.jpg 1293w\" sizes=\"auto, (max-width: 1024px) 100vw, 1024px\" \/><\/figure>\n\n\n\n<p><\/p>\n\n\n\n<figure class=\"wp-block-image size-large\"><img loading=\"lazy\" decoding=\"async\" width=\"768\" height=\"1024\" src=\"https:\/\/www.gordon-verwaltung.de\/wp-content\/uploads\/2022\/04\/IMG_1278-Kopie-768x1024.jpg\" alt=\"\" class=\"wp-image-587\" srcset=\"https:\/\/www.gordon-verwaltung.de\/wp-content\/uploads\/2022\/04\/IMG_1278-Kopie-768x1024.jpg 768w, https:\/\/www.gordon-verwaltung.de\/wp-content\/uploads\/2022\/04\/IMG_1278-Kopie-225x300.jpg 225w, https:\/\/www.gordon-verwaltung.de\/wp-content\/uploads\/2022\/04\/IMG_1278-Kopie.jpg 774w\" sizes=\"auto, (max-width: 768px) 100vw, 768px\" \/><\/figure>\n\n\n\n<p><\/p>\n\n\n\n<p class=\"has-medium-font-size\">Schutz der Teilnehmer und Helfer vor zur\u00fcckfliegenden Projektilsplittern bei Verwendung von Stahlblechumhausungen um die Ziele:<br><a rel=\"noreferrer noopener\" href=\"https:\/\/www.youtube.com\/watch?v=JtXwiVc0yEc&amp;t=5s\" target=\"_blank\">Videodokumentation <\/a>\u00fcber die Notwendigkeit und Effektivit\u00e4t der aktiven Splitterfangeinrichtung, die innen in die Stahlk\u00e4sten eingesetzt werden sollte.<\/p>\n\n\n\n<p><\/p>\n\n\n\n<p class=\"has-medium-font-size\"><a rel=\"noreferrer noopener\" href=\"https:\/\/www.youtube.com\/watch?v=-ZLeWTCJ3P4\" target=\"_blank\">Videodokumentation und Produktinformation<\/a><br><strong>Titel: <\/strong>Splitterschutz und Splitteraufnahme f\u00fcr Stahlziele; Produktinformation der GORDON Verwaltung GmbH<br><strong>Inhalt: <\/strong>Hier werden die Einzelteile, der Aufbau und die Anwendung sowie die Effektivit\u00e4t des Stahlbleckkastens zum Splitterschutz dargelegt sowie die Teile f\u00fcr das Konzept f\u00fcr die Splitteraufnahme direkt an der Kastenwand gezeigt. In Richtung Sch\u00fctze, Helfer oder Zuschauer zur\u00fcckfliegende Geschossteile werden damit weitgehend und zuverl\u00e4ssig unterbunden. <br>Das Tragen von sch\u00fctzender Ausr\u00fcstung, Brille und hochgeschlossene Kleidung, ist jedoch stets anzuraten!<\/p>\n\n\n\n<p><\/p>\n\n\n\n<p><\/p>\n","protected":false},"excerpt":{"rendered":"<p>Schutz der Teilnehmer und Helfer vor zur\u00fcckfliegenden Projektilsplittern bei Verwendung von Stahlblechumhausungen um die Ziele:Videodokumentation \u00fcber die Notwendigkeit und Effektivit\u00e4t der aktiven Splitterfangeinrichtung, die innen in die Stahlk\u00e4sten eingesetzt werden sollte. Videodokumentation und ProduktinformationTitel: Splitterschutz und Splitteraufnahme f\u00fcr Stahlziele; Produktinformation der GORDON Verwaltung GmbHInhalt: Hier werden die Einzelteile, der Aufbau und die Anwendung sowie die&hellip; <br \/> <a class=\"read-more\" href=\"https:\/\/www.gordon-verwaltung.de\/index.php\/go-modul-05-splitterfangkasten\/\">Weiterlesen<\/a><\/p>\n","protected":false},"author":2,"featured_media":0,"parent":0,"menu_order":0,"comment_status":"closed","ping_status":"closed","template":"","meta":{"footnotes":""},"class_list":["post-311","page","type-page","status-publish","hentry"],"_links":{"self":[{"href":"https:\/\/www.gordon-verwaltung.de\/index.php\/wp-json\/wp\/v2\/pages\/311","targetHints":{"allow":["GET"]}}],"collection":[{"href":"https:\/\/www.gordon-verwaltung.de\/index.php\/wp-json\/wp\/v2\/pages"}],"about":[{"href":"https:\/\/www.gordon-verwaltung.de\/index.php\/wp-json\/wp\/v2\/types\/page"}],"author":[{"embeddable":true,"href":"https:\/\/www.gordon-verwaltung.de\/index.php\/wp-json\/wp\/v2\/users\/2"}],"replies":[{"embeddable":true,"href":"https:\/\/www.gordon-verwaltung.de\/index.php\/wp-json\/wp\/v2\/comments?post=311"}],"version-history":[{"count":13,"href":"https:\/\/www.gordon-verwaltung.de\/index.php\/wp-json\/wp\/v2\/pages\/311\/revisions"}],"predecessor-version":[{"id":619,"href":"https:\/\/www.gordon-verwaltung.de\/index.php\/wp-json\/wp\/v2\/pages\/311\/revisions\/619"}],"wp:attachment":[{"href":"https:\/\/www.gordon-verwaltung.de\/index.php\/wp-json\/wp\/v2\/media?parent=311"}],"curies":[{"name":"wp","href":"https:\/\/api.w.org\/{rel}","templated":true}]}}