{"id":325,"date":"2022-03-31T21:45:10","date_gmt":"2022-03-31T19:45:10","guid":{"rendered":"https:\/\/server.it-services-haase.de\/?page_id=325"},"modified":"2022-04-02T23:10:02","modified_gmt":"2022-04-02T21:10:02","slug":"go-modul-02-panzer","status":"publish","type":"page","link":"https:\/\/www.gordon-verwaltung.de\/index.php\/go-modul-02-panzer\/","title":{"rendered":"Modul-02-Panzer"},"content":{"rendered":"\n<p class=\"has-medium-font-size\">Mastpanzer, 40 cm mit Holz best\u00fcckt <\/p>\n\n\n\n<figure class=\"wp-block-image size-large\"><img loading=\"lazy\" decoding=\"async\" width=\"1024\" height=\"681\" src=\"https:\/\/www.gordon-verwaltung.de\/wp-content\/uploads\/2022\/04\/02030100-Poleprotect40_2307-1024x681.jpg\" alt=\"\" class=\"wp-image-383\" srcset=\"https:\/\/www.gordon-verwaltung.de\/wp-content\/uploads\/2022\/04\/02030100-Poleprotect40_2307-1024x681.jpg 1024w, https:\/\/www.gordon-verwaltung.de\/wp-content\/uploads\/2022\/04\/02030100-Poleprotect40_2307-300x199.jpg 300w, https:\/\/www.gordon-verwaltung.de\/wp-content\/uploads\/2022\/04\/02030100-Poleprotect40_2307-768x511.jpg 768w, https:\/\/www.gordon-verwaltung.de\/wp-content\/uploads\/2022\/04\/02030100-Poleprotect40_2307-1536x1021.jpg 1536w, https:\/\/www.gordon-verwaltung.de\/wp-content\/uploads\/2022\/04\/02030100-Poleprotect40_2307-2048x1362.jpg 2048w, https:\/\/www.gordon-verwaltung.de\/wp-content\/uploads\/2022\/04\/02030100-Poleprotect40_2307-1624x1080.jpg 1624w\" sizes=\"auto, (max-width: 1024px) 100vw, 1024px\" \/><\/figure>\n\n\n\n<p>&nbsp;<\/p>\n\n\n\n<p class=\"has-medium-font-size\">Mastpanzer, 20 cm, Einzelansicht und mit Holz best\u00fcckt:<\/p>\n\n\n\n<figure class=\"wp-block-image size-large\"><img loading=\"lazy\" decoding=\"async\" width=\"1024\" height=\"856\" src=\"https:\/\/www.gordon-verwaltung.de\/wp-content\/uploads\/2022\/04\/02040100-Poleprotect20_2306-1024x856.jpg\" alt=\"\" class=\"wp-image-385\" srcset=\"https:\/\/www.gordon-verwaltung.de\/wp-content\/uploads\/2022\/04\/02040100-Poleprotect20_2306-1024x856.jpg 1024w, https:\/\/www.gordon-verwaltung.de\/wp-content\/uploads\/2022\/04\/02040100-Poleprotect20_2306-300x251.jpg 300w, https:\/\/www.gordon-verwaltung.de\/wp-content\/uploads\/2022\/04\/02040100-Poleprotect20_2306-768x642.jpg 768w, https:\/\/www.gordon-verwaltung.de\/wp-content\/uploads\/2022\/04\/02040100-Poleprotect20_2306-1536x1284.jpg 1536w, https:\/\/www.gordon-verwaltung.de\/wp-content\/uploads\/2022\/04\/02040100-Poleprotect20_2306-2048x1712.jpg 2048w, https:\/\/www.gordon-verwaltung.de\/wp-content\/uploads\/2022\/04\/02040100-Poleprotect20_2306-1292x1080.jpg 1292w\" sizes=\"auto, (max-width: 1024px) 100vw, 1024px\" \/><\/figure>\n\n\n\n<p>&nbsp;<\/p>\n\n\n\n<p class=\"has-medium-font-size\">Mastpanzer 10 cm, holzbest\u00fcckt, verschiedene Ansichten:<\/p>\n\n\n\n<figure class=\"wp-block-image size-large\"><img loading=\"lazy\" decoding=\"async\" width=\"1024\" height=\"859\" src=\"https:\/\/www.gordon-verwaltung.de\/wp-content\/uploads\/2022\/04\/02050100-Poleprotect10_-2309-1024x859.jpg\" alt=\"\" class=\"wp-image-386\" srcset=\"https:\/\/www.gordon-verwaltung.de\/wp-content\/uploads\/2022\/04\/02050100-Poleprotect10_-2309-1024x859.jpg 1024w, https:\/\/www.gordon-verwaltung.de\/wp-content\/uploads\/2022\/04\/02050100-Poleprotect10_-2309-300x252.jpg 300w, https:\/\/www.gordon-verwaltung.de\/wp-content\/uploads\/2022\/04\/02050100-Poleprotect10_-2309-768x644.jpg 768w, https:\/\/www.gordon-verwaltung.de\/wp-content\/uploads\/2022\/04\/02050100-Poleprotect10_-2309-1536x1289.jpg 1536w, https:\/\/www.gordon-verwaltung.de\/wp-content\/uploads\/2022\/04\/02050100-Poleprotect10_-2309-2048x1718.jpg 2048w, https:\/\/www.gordon-verwaltung.de\/wp-content\/uploads\/2022\/04\/02050100-Poleprotect10_-2309-1287x1080.jpg 1287w\" sizes=\"auto, (max-width: 1024px) 100vw, 1024px\" \/><\/figure>\n\n\n\n<p>&nbsp;<\/p>\n\n\n\n<p class=\"has-medium-font-size\">Mastpanzer, montiert, mit Panzer\u00fcberh\u00e4nger (Seitenansicht):<\/p>\n\n\n\n<figure class=\"wp-block-image size-large\"><img loading=\"lazy\" decoding=\"async\" width=\"756\" height=\"1024\" src=\"https:\/\/www.gordon-verwaltung.de\/wp-content\/uploads\/2022\/04\/02050300-PP10montiert_4164-756x1024.jpeg\" alt=\"\" class=\"wp-image-387\" srcset=\"https:\/\/www.gordon-verwaltung.de\/wp-content\/uploads\/2022\/04\/02050300-PP10montiert_4164-756x1024.jpeg 756w, https:\/\/www.gordon-verwaltung.de\/wp-content\/uploads\/2022\/04\/02050300-PP10montiert_4164-221x300.jpeg 221w, https:\/\/www.gordon-verwaltung.de\/wp-content\/uploads\/2022\/04\/02050300-PP10montiert_4164-768x1041.jpeg 768w, https:\/\/www.gordon-verwaltung.de\/wp-content\/uploads\/2022\/04\/02050300-PP10montiert_4164-1133x1536.jpeg 1133w, https:\/\/www.gordon-verwaltung.de\/wp-content\/uploads\/2022\/04\/02050300-PP10montiert_4164-1511x2048.jpeg 1511w, https:\/\/www.gordon-verwaltung.de\/wp-content\/uploads\/2022\/04\/02050300-PP10montiert_4164-1024x1388.jpeg 1024w, https:\/\/www.gordon-verwaltung.de\/wp-content\/uploads\/2022\/04\/02050300-PP10montiert_4164-797x1080.jpeg 797w, https:\/\/www.gordon-verwaltung.de\/wp-content\/uploads\/2022\/04\/02050300-PP10montiert_4164-scaled.jpeg 1889w\" sizes=\"auto, (max-width: 756px) 100vw, 756px\" \/><\/figure>\n\n\n\n<p>&nbsp;<\/p>\n\n\n\n<p class=\"has-medium-font-size\">Mastpanzer mit Panzer\u00fcberh\u00e4nger, montiert, aus Sch\u00fctzensicht:<\/p>\n\n\n\n<figure class=\"wp-block-image size-large\"><img loading=\"lazy\" decoding=\"async\" width=\"565\" height=\"1024\" src=\"https:\/\/www.gordon-verwaltung.de\/wp-content\/uploads\/2022\/04\/02060000-Panzerueberhaenger_2544-565x1024.jpg\" alt=\"\" class=\"wp-image-388\" srcset=\"https:\/\/www.gordon-verwaltung.de\/wp-content\/uploads\/2022\/04\/02060000-Panzerueberhaenger_2544-565x1024.jpg 565w, https:\/\/www.gordon-verwaltung.de\/wp-content\/uploads\/2022\/04\/02060000-Panzerueberhaenger_2544-166x300.jpg 166w, https:\/\/www.gordon-verwaltung.de\/wp-content\/uploads\/2022\/04\/02060000-Panzerueberhaenger_2544-768x1391.jpg 768w, https:\/\/www.gordon-verwaltung.de\/wp-content\/uploads\/2022\/04\/02060000-Panzerueberhaenger_2544-848x1536.jpg 848w, https:\/\/www.gordon-verwaltung.de\/wp-content\/uploads\/2022\/04\/02060000-Panzerueberhaenger_2544-1131x2048.jpg 1131w, https:\/\/www.gordon-verwaltung.de\/wp-content\/uploads\/2022\/04\/02060000-Panzerueberhaenger_2544-1024x1855.jpg 1024w, https:\/\/www.gordon-verwaltung.de\/wp-content\/uploads\/2022\/04\/02060000-Panzerueberhaenger_2544-596x1080.jpg 596w, https:\/\/www.gordon-verwaltung.de\/wp-content\/uploads\/2022\/04\/02060000-Panzerueberhaenger_2544-scaled.jpg 1413w\" sizes=\"auto, (max-width: 565px) 100vw, 565px\" \/><\/figure>\n\n\n\n<p>&nbsp;<\/p>\n\n\n\n<p class=\"has-medium-font-size\">Detailansicht Einzelteile f\u00fcr Panzer\u00fcberh\u00e4nger:<\/p>\n\n\n\n<figure class=\"wp-block-image size-large\"><img loading=\"lazy\" decoding=\"async\" width=\"1024\" height=\"496\" src=\"https:\/\/www.gordon-verwaltung.de\/wp-content\/uploads\/2022\/04\/02060003-Panzerueberhaengerteile_2542-1024x496.jpeg\" alt=\"\" class=\"wp-image-389\" srcset=\"https:\/\/www.gordon-verwaltung.de\/wp-content\/uploads\/2022\/04\/02060003-Panzerueberhaengerteile_2542-1024x496.jpeg 1024w, https:\/\/www.gordon-verwaltung.de\/wp-content\/uploads\/2022\/04\/02060003-Panzerueberhaengerteile_2542-300x145.jpeg 300w, https:\/\/www.gordon-verwaltung.de\/wp-content\/uploads\/2022\/04\/02060003-Panzerueberhaengerteile_2542-768x372.jpeg 768w, https:\/\/www.gordon-verwaltung.de\/wp-content\/uploads\/2022\/04\/02060003-Panzerueberhaengerteile_2542-1536x744.jpeg 1536w, https:\/\/www.gordon-verwaltung.de\/wp-content\/uploads\/2022\/04\/02060003-Panzerueberhaengerteile_2542-2048x992.jpeg 2048w, https:\/\/www.gordon-verwaltung.de\/wp-content\/uploads\/2022\/04\/02060003-Panzerueberhaengerteile_2542-1920x930.jpeg 1920w\" sizes=\"auto, (max-width: 1024px) 100vw, 1024px\" \/><\/figure>\n\n\n\n<p><\/p>\n","protected":false},"excerpt":{"rendered":"<p>Mastpanzer, 40 cm mit Holz best\u00fcckt &nbsp; Mastpanzer, 20 cm, Einzelansicht und mit Holz best\u00fcckt: &nbsp; Mastpanzer 10 cm, holzbest\u00fcckt, verschiedene Ansichten: &nbsp; Mastpanzer, montiert, mit Panzer\u00fcberh\u00e4nger (Seitenansicht): &nbsp; Mastpanzer mit Panzer\u00fcberh\u00e4nger, montiert, aus Sch\u00fctzensicht: &nbsp; Detailansicht Einzelteile f\u00fcr Panzer\u00fcberh\u00e4nger:<\/p>\n","protected":false},"author":2,"featured_media":0,"parent":0,"menu_order":0,"comment_status":"closed","ping_status":"closed","template":"","meta":{"footnotes":""},"class_list":["post-325","page","type-page","status-publish","hentry"],"_links":{"self":[{"href":"https:\/\/www.gordon-verwaltung.de\/index.php\/wp-json\/wp\/v2\/pages\/325","targetHints":{"allow":["GET"]}}],"collection":[{"href":"https:\/\/www.gordon-verwaltung.de\/index.php\/wp-json\/wp\/v2\/pages"}],"about":[{"href":"https:\/\/www.gordon-verwaltung.de\/index.php\/wp-json\/wp\/v2\/types\/page"}],"author":[{"embeddable":true,"href":"https:\/\/www.gordon-verwaltung.de\/index.php\/wp-json\/wp\/v2\/users\/2"}],"replies":[{"embeddable":true,"href":"https:\/\/www.gordon-verwaltung.de\/index.php\/wp-json\/wp\/v2\/comments?post=325"}],"version-history":[{"count":5,"href":"https:\/\/www.gordon-verwaltung.de\/index.php\/wp-json\/wp\/v2\/pages\/325\/revisions"}],"predecessor-version":[{"id":401,"href":"https:\/\/www.gordon-verwaltung.de\/index.php\/wp-json\/wp\/v2\/pages\/325\/revisions\/401"}],"wp:attachment":[{"href":"https:\/\/www.gordon-verwaltung.de\/index.php\/wp-json\/wp\/v2\/media?parent=325"}],"curies":[{"name":"wp","href":"https:\/\/api.w.org\/{rel}","templated":true}]}}