{"id":337,"date":"2022-03-31T21:51:39","date_gmt":"2022-03-31T19:51:39","guid":{"rendered":"https:\/\/server.it-services-haase.de\/?page_id=337"},"modified":"2024-03-04T12:59:03","modified_gmt":"2024-03-04T11:59:03","slug":"go-handel","status":"publish","type":"page","link":"https:\/\/www.gordon-verwaltung.de\/index.php\/go-handel\/","title":{"rendered":"Handel"},"content":{"rendered":"\n<p>Schie\u00dfsportzubeh\u00f6r<\/p>\n\n\n\n<p>Stahlziele f\u00fcr den Schie\u00dfsport<\/p>\n\n\n\n<p>Outdoor-Produkte<\/p>\n\n\n\n<p>B\u00fcroartikel<\/p>\n\n\n\n<p><a href=\"https:\/\/www.gordon-verwaltung.de\/index.php\/go-handel-immobilien\/\">Immobilien<\/a><\/p>\n","protected":false},"excerpt":{"rendered":"<p>Schie\u00dfsportzubeh\u00f6r Stahlziele f\u00fcr den Schie\u00dfsport Outdoor-Produkte B\u00fcroartikel Immobilien<\/p>\n","protected":false},"author":2,"featured_media":0,"parent":0,"menu_order":0,"comment_status":"closed","ping_status":"closed","template":"","meta":{"footnotes":""},"class_list":["post-337","page","type-page","status-publish","hentry"],"_links":{"self":[{"href":"https:\/\/www.gordon-verwaltung.de\/index.php\/wp-json\/wp\/v2\/pages\/337","targetHints":{"allow":["GET"]}}],"collection":[{"href":"https:\/\/www.gordon-verwaltung.de\/index.php\/wp-json\/wp\/v2\/pages"}],"about":[{"href":"https:\/\/www.gordon-verwaltung.de\/index.php\/wp-json\/wp\/v2\/types\/page"}],"author":[{"embeddable":true,"href":"https:\/\/www.gordon-verwaltung.de\/index.php\/wp-json\/wp\/v2\/users\/2"}],"replies":[{"embeddable":true,"href":"https:\/\/www.gordon-verwaltung.de\/index.php\/wp-json\/wp\/v2\/comments?post=337"}],"version-history":[{"count":4,"href":"https:\/\/www.gordon-verwaltung.de\/index.php\/wp-json\/wp\/v2\/pages\/337\/revisions"}],"predecessor-version":[{"id":659,"href":"https:\/\/www.gordon-verwaltung.de\/index.php\/wp-json\/wp\/v2\/pages\/337\/revisions\/659"}],"wp:attachment":[{"href":"https:\/\/www.gordon-verwaltung.de\/index.php\/wp-json\/wp\/v2\/media?parent=337"}],"curies":[{"name":"wp","href":"https:\/\/api.w.org\/{rel}","templated":true}]}}