{"id":339,"date":"2022-03-31T21:51:57","date_gmt":"2022-03-31T19:51:57","guid":{"rendered":"https:\/\/server.it-services-haase.de\/?page_id=339"},"modified":"2024-03-04T12:54:28","modified_gmt":"2024-03-04T11:54:28","slug":"go-handel-immobilien","status":"publish","type":"page","link":"https:\/\/www.gordon-verwaltung.de\/index.php\/go-handel-immobilien\/","title":{"rendered":"Immobilien"},"content":{"rendered":"\n<p>Objekt Gl\u00f6saer Stra\u00dfe 69 &#8211; teilw. vermietet, Miete (f\u00fcr Teilfl\u00e4chen bis 2800 qm ab 1 Euro pro qM und Monat, ggf. zzgl. Ust); Kaufpreis VB 375.000 Euro (komplett mit Lagercontainer und allen Mietvertr\u00e4gen)<br>Bauplanungsrechtlicher Aussenbereich (\u00a735 BauGB), privilegierte Vorhaben (insbes. Lagercontainer, Abstellplatz, Unterstand, Halle) m\u00f6glich, Fl\u00e4chengr\u00f6\u00dfe und Zuschnitt nach Bedarf, stra\u00dfenseitig abgez\u00e4unt, schwerlasttaugliche Zufahrt, breite Toreinfahrt, Stromz\u00e4hlerkasten vorhanden, Trinkwasseranschluss m\u00f6glich, keine (!) Abwasserentsorgung,<br><a href=\"https:\/\/www.gordon-verwaltung.de\/wp-content\/uploads\/2024\/03\/Gloesi_Plan_Optionsflaeche_01erg.pdf\">\u00dcbersichtsplan hier <\/a><\/p>\n\n\n\n<p><\/p>\n\n\n\n<p>Objekt Leipziger Stra\u00dfe 15,<br>Flurst\u00fcck 185 Gemarkung Schlo\u00dfchemnitz, unbebaut, 550 qm Wohnbaufl\u00e4che, Umlegungsgebiet, im Bebauungsplan Nr.: 94\/21 enthalten, KP: VB 100.000 Euro<br><a href=\"https:\/\/www.gordon-verwaltung.de\/wp-content\/uploads\/2024\/03\/UMLEGUNGSPLAN_Leipziger_15082019184520.pdf\">Umlegungsplan_klickmich<\/a>, <br><a href=\"https:\/\/www.gordon-verwaltung.de\/wp-content\/uploads\/2024\/03\/leipziger-15-plan1.pdf\">Lageplan_klickmich<\/a><\/p>\n\n\n\n<p>Objekt Erfenschlager Stra\u00dfe 21A, <br>ETW im 1. OG, mit TG-Stellplatz, 2 Zi K\u00fc, Bad, Balkon, vermietet,<br>KP VB 100.000 Euro<\/p>\n","protected":false},"excerpt":{"rendered":"<p>Objekt Gl\u00f6saer Stra\u00dfe 69 &#8211; teilw. vermietet, Miete (f\u00fcr Teilfl\u00e4chen bis 2800 qm ab 1 Euro pro qM und Monat, ggf. zzgl. Ust); Kaufpreis VB 375.000 Euro (komplett mit Lagercontainer und allen Mietvertr\u00e4gen)Bauplanungsrechtlicher Aussenbereich (\u00a735 BauGB), privilegierte Vorhaben (insbes. Lagercontainer, Abstellplatz, Unterstand, Halle) m\u00f6glich, Fl\u00e4chengr\u00f6\u00dfe und Zuschnitt nach Bedarf, stra\u00dfenseitig abgez\u00e4unt, schwerlasttaugliche Zufahrt, breite Toreinfahrt,&hellip; <br \/> <a class=\"read-more\" href=\"https:\/\/www.gordon-verwaltung.de\/index.php\/go-handel-immobilien\/\">Weiterlesen<\/a><\/p>\n","protected":false},"author":2,"featured_media":0,"parent":0,"menu_order":0,"comment_status":"closed","ping_status":"closed","template":"","meta":{"footnotes":""},"class_list":["post-339","page","type-page","status-publish","hentry"],"_links":{"self":[{"href":"https:\/\/www.gordon-verwaltung.de\/index.php\/wp-json\/wp\/v2\/pages\/339","targetHints":{"allow":["GET"]}}],"collection":[{"href":"https:\/\/www.gordon-verwaltung.de\/index.php\/wp-json\/wp\/v2\/pages"}],"about":[{"href":"https:\/\/www.gordon-verwaltung.de\/index.php\/wp-json\/wp\/v2\/types\/page"}],"author":[{"embeddable":true,"href":"https:\/\/www.gordon-verwaltung.de\/index.php\/wp-json\/wp\/v2\/users\/2"}],"replies":[{"embeddable":true,"href":"https:\/\/www.gordon-verwaltung.de\/index.php\/wp-json\/wp\/v2\/comments?post=339"}],"version-history":[{"count":14,"href":"https:\/\/www.gordon-verwaltung.de\/index.php\/wp-json\/wp\/v2\/pages\/339\/revisions"}],"predecessor-version":[{"id":658,"href":"https:\/\/www.gordon-verwaltung.de\/index.php\/wp-json\/wp\/v2\/pages\/339\/revisions\/658"}],"wp:attachment":[{"href":"https:\/\/www.gordon-verwaltung.de\/index.php\/wp-json\/wp\/v2\/media?parent=339"}],"curies":[{"name":"wp","href":"https:\/\/api.w.org\/{rel}","templated":true}]}}