{"id":683,"date":"2025-01-03T12:59:18","date_gmt":"2025-01-03T11:59:18","guid":{"rendered":"https:\/\/www.gordon-verwaltung.de\/?page_id=683"},"modified":"2025-01-03T14:39:58","modified_gmt":"2025-01-03T13:39:58","slug":"produkt-15-ipsc-plates","status":"publish","type":"page","link":"https:\/\/www.gordon-verwaltung.de\/index.php\/produkt-15-ipsc-plates\/","title":{"rendered":"Produkt-15-IPSC-Plate"},"content":{"rendered":"\n<p>Knockdown-Rechteckplate (150 x 150 mm) im Stahlblechkasten (H\/B\/T: 450\/400\/300 mm), richtlinienkonform, nach IPSC-Regelwerk ca. 1 Meter hoch z.B. auf Holzpaletten) aufzustellen. <br>Die Ziele in der Basis sind wechselbar. Es k\u00f6nnen auch 200-mm- Ronden (IPSC-regelkonform) und 150 mm Ronden montiert werden. <a href=\"https:\/\/www.gordon-verwaltung.de\/index.php\/produkt-15-beschreibung\/\" data-type=\"page\" data-id=\"687\">Eine ausf\u00fchrliche Beschreibung ist hier verlinkt.<\/a><\/p>\n\n\n\n<p><br>F\u00fcr das beidseitig benutzbare (bauartbedingt wendef\u00e4hig) Zielmedium (1500 Joule Kurzwaffenpatrone geeignet, empfohlen max. 1300 Joule) wird eine Materialspezifikationsbescheinigung ausgeh\u00e4ndigt. <br>Das Produkt f\u00e4llt auch bei Treffer mit .22 lr Munition zuverl\u00e4ssig.<br>Bei Einsatz der optional erh\u00e4ltlichen Selfsetteroption (2. Feder, Verl\u00e4ngerungsst\u00fcck f\u00fcr Prallblech) wird die nach einem Treffer mit ZF-Munition nach hinten gekippte Platte durch eine Federmechanik wieder aufgestellt.<\/p>\n\n\n\n<p><\/p>\n\n\n\n<div class=\"wp-block-media-text is-stacked-on-mobile\"><figure class=\"wp-block-media-text__media\"><img loading=\"lazy\" decoding=\"async\" width=\"931\" height=\"1024\" src=\"https:\/\/www.gordon-verwaltung.de\/wp-content\/uploads\/2025\/01\/IPSC-Knockdown-o-Selfsetter_150x150_09-931x1024.jpg\" alt=\"\" class=\"wp-image-667 size-full\" srcset=\"https:\/\/www.gordon-verwaltung.de\/wp-content\/uploads\/2025\/01\/IPSC-Knockdown-o-Selfsetter_150x150_09-931x1024.jpg 931w, https:\/\/www.gordon-verwaltung.de\/wp-content\/uploads\/2025\/01\/IPSC-Knockdown-o-Selfsetter_150x150_09-273x300.jpg 273w, https:\/\/www.gordon-verwaltung.de\/wp-content\/uploads\/2025\/01\/IPSC-Knockdown-o-Selfsetter_150x150_09-768x845.jpg 768w, https:\/\/www.gordon-verwaltung.de\/wp-content\/uploads\/2025\/01\/IPSC-Knockdown-o-Selfsetter_150x150_09-1024x1126.jpg 1024w, https:\/\/www.gordon-verwaltung.de\/wp-content\/uploads\/2025\/01\/IPSC-Knockdown-o-Selfsetter_150x150_09-982x1080.jpg 982w, https:\/\/www.gordon-verwaltung.de\/wp-content\/uploads\/2025\/01\/IPSC-Knockdown-o-Selfsetter_150x150_09.jpg 1333w\" sizes=\"auto, (max-width: 931px) 100vw, 931px\" \/><\/figure><div class=\"wp-block-media-text__content\">\n<p>Produktbild<\/p>\n<\/div><\/div>\n\n\n\n<div class=\"wp-block-media-text is-stacked-on-mobile\"><figure class=\"wp-block-media-text__media\"><img loading=\"lazy\" decoding=\"async\" width=\"785\" height=\"1024\" src=\"https:\/\/www.gordon-verwaltung.de\/wp-content\/uploads\/2025\/01\/Produkt_8729_Array_komplett_Schuetzensicht-1-785x1024.jpeg\" alt=\"\" class=\"wp-image-677 size-full\" srcset=\"https:\/\/www.gordon-verwaltung.de\/wp-content\/uploads\/2025\/01\/Produkt_8729_Array_komplett_Schuetzensicht-1-785x1024.jpeg 785w, https:\/\/www.gordon-verwaltung.de\/wp-content\/uploads\/2025\/01\/Produkt_8729_Array_komplett_Schuetzensicht-1-230x300.jpeg 230w, https:\/\/www.gordon-verwaltung.de\/wp-content\/uploads\/2025\/01\/Produkt_8729_Array_komplett_Schuetzensicht-1-768x1002.jpeg 768w, https:\/\/www.gordon-verwaltung.de\/wp-content\/uploads\/2025\/01\/Produkt_8729_Array_komplett_Schuetzensicht-1-1177x1536.jpeg 1177w, https:\/\/www.gordon-verwaltung.de\/wp-content\/uploads\/2025\/01\/Produkt_8729_Array_komplett_Schuetzensicht-1-1570x2048.jpeg 1570w, https:\/\/www.gordon-verwaltung.de\/wp-content\/uploads\/2025\/01\/Produkt_8729_Array_komplett_Schuetzensicht-1-1024x1336.jpeg 1024w, https:\/\/www.gordon-verwaltung.de\/wp-content\/uploads\/2025\/01\/Produkt_8729_Array_komplett_Schuetzensicht-1-828x1080.jpeg 828w, https:\/\/www.gordon-verwaltung.de\/wp-content\/uploads\/2025\/01\/Produkt_8729_Array_komplett_Schuetzensicht-1-scaled.jpeg 1962w\" sizes=\"auto, (max-width: 785px) 100vw, 785px\" \/><\/figure><div class=\"wp-block-media-text__content\">\n<p>Beschussfertig aufgestelltes Produkt aus Sch\u00fctzensicht<\/p>\n<\/div><\/div>\n\n\n\n<div class=\"wp-block-media-text is-stacked-on-mobile\"><figure class=\"wp-block-media-text__media\"><img loading=\"lazy\" decoding=\"async\" width=\"886\" height=\"1024\" src=\"https:\/\/www.gordon-verwaltung.de\/wp-content\/uploads\/2025\/01\/8705_Platte_getroffen_Schuetzensicht-886x1024.jpeg\" alt=\"\" class=\"wp-image-678 size-full\" srcset=\"https:\/\/www.gordon-verwaltung.de\/wp-content\/uploads\/2025\/01\/8705_Platte_getroffen_Schuetzensicht-886x1024.jpeg 886w, https:\/\/www.gordon-verwaltung.de\/wp-content\/uploads\/2025\/01\/8705_Platte_getroffen_Schuetzensicht-260x300.jpeg 260w, https:\/\/www.gordon-verwaltung.de\/wp-content\/uploads\/2025\/01\/8705_Platte_getroffen_Schuetzensicht-768x887.jpeg 768w, https:\/\/www.gordon-verwaltung.de\/wp-content\/uploads\/2025\/01\/8705_Platte_getroffen_Schuetzensicht-1329x1536.jpeg 1329w, https:\/\/www.gordon-verwaltung.de\/wp-content\/uploads\/2025\/01\/8705_Platte_getroffen_Schuetzensicht-1772x2048.jpeg 1772w, https:\/\/www.gordon-verwaltung.de\/wp-content\/uploads\/2025\/01\/8705_Platte_getroffen_Schuetzensicht-1024x1183.jpeg 1024w, https:\/\/www.gordon-verwaltung.de\/wp-content\/uploads\/2025\/01\/8705_Platte_getroffen_Schuetzensicht-935x1080.jpeg 935w\" sizes=\"auto, (max-width: 886px) 100vw, 886px\" \/><\/figure><div class=\"wp-block-media-text__content\">\n<p>gefallenes Produkt aus Sch\u00fctzensicht nach Treffer<\/p>\n<\/div><\/div>\n\n\n\n<div class=\"wp-block-media-text is-stacked-on-mobile\"><figure class=\"wp-block-media-text__media\"><img loading=\"lazy\" decoding=\"async\" width=\"1001\" height=\"1024\" src=\"https:\/\/www.gordon-verwaltung.de\/wp-content\/uploads\/2025\/01\/8702_Platte_getroffen_Hinteransicht-1001x1024.jpeg\" alt=\"\" class=\"wp-image-674 size-full\" srcset=\"https:\/\/www.gordon-verwaltung.de\/wp-content\/uploads\/2025\/01\/8702_Platte_getroffen_Hinteransicht-1001x1024.jpeg 1001w, https:\/\/www.gordon-verwaltung.de\/wp-content\/uploads\/2025\/01\/8702_Platte_getroffen_Hinteransicht-293x300.jpeg 293w, https:\/\/www.gordon-verwaltung.de\/wp-content\/uploads\/2025\/01\/8702_Platte_getroffen_Hinteransicht-768x785.jpeg 768w, https:\/\/www.gordon-verwaltung.de\/wp-content\/uploads\/2025\/01\/8702_Platte_getroffen_Hinteransicht-1502x1536.jpeg 1502w, https:\/\/www.gordon-verwaltung.de\/wp-content\/uploads\/2025\/01\/8702_Platte_getroffen_Hinteransicht-2003x2048.jpeg 2003w, https:\/\/www.gordon-verwaltung.de\/wp-content\/uploads\/2025\/01\/8702_Platte_getroffen_Hinteransicht-1024x1047.jpeg 1024w, https:\/\/www.gordon-verwaltung.de\/wp-content\/uploads\/2025\/01\/8702_Platte_getroffen_Hinteransicht-1056x1080.jpeg 1056w\" sizes=\"auto, (max-width: 1001px) 100vw, 1001px\" \/><\/figure><div class=\"wp-block-media-text__content\">\n<p>Detailansicht, Produkt nach Treffer.<br><strong>Die Feder<\/strong> dient NICHT zum Aufrichten, sie verhindert nur, dass bei &#8222;schwungvollem&#8220; Wiederaufstellen die Platte wieder umkippt.<br><strong>Das (rote) Prallblech <\/strong> stoppt die Platte vor der Horizontalen, um dem Helfer das Anfassen zum Aufrichten zu erleichtern. <\/p>\n<\/div><\/div>\n\n\n\n<div class=\"wp-block-media-text is-stacked-on-mobile\"><figure class=\"wp-block-media-text__media\"><img loading=\"lazy\" decoding=\"async\" width=\"724\" height=\"1024\" src=\"https:\/\/www.gordon-verwaltung.de\/wp-content\/uploads\/2025\/01\/Detail_8699_Panzer_und_Mechanik-724x1024.jpeg\" alt=\"\" class=\"wp-image-679 size-full\" srcset=\"https:\/\/www.gordon-verwaltung.de\/wp-content\/uploads\/2025\/01\/Detail_8699_Panzer_und_Mechanik-724x1024.jpeg 724w, https:\/\/www.gordon-verwaltung.de\/wp-content\/uploads\/2025\/01\/Detail_8699_Panzer_und_Mechanik-212x300.jpeg 212w, https:\/\/www.gordon-verwaltung.de\/wp-content\/uploads\/2025\/01\/Detail_8699_Panzer_und_Mechanik-768x1087.jpeg 768w, https:\/\/www.gordon-verwaltung.de\/wp-content\/uploads\/2025\/01\/Detail_8699_Panzer_und_Mechanik-1086x1536.jpeg 1086w, https:\/\/www.gordon-verwaltung.de\/wp-content\/uploads\/2025\/01\/Detail_8699_Panzer_und_Mechanik-1447x2048.jpeg 1447w, https:\/\/www.gordon-verwaltung.de\/wp-content\/uploads\/2025\/01\/Detail_8699_Panzer_und_Mechanik-1024x1449.jpeg 1024w, https:\/\/www.gordon-verwaltung.de\/wp-content\/uploads\/2025\/01\/Detail_8699_Panzer_und_Mechanik-763x1080.jpeg 763w, https:\/\/www.gordon-verwaltung.de\/wp-content\/uploads\/2025\/01\/Detail_8699_Panzer_und_Mechanik-scaled.jpeg 1809w\" sizes=\"auto, (max-width: 724px) 100vw, 724px\" \/><\/figure><div class=\"wp-block-media-text__content\">\n<p>Detailansicht auf Panzerung und Mechanik.<br><strong>Die Feder<\/strong> h\u00e4lt die Platte im Lot und verhindert nur, dass durch Wind oder Ersch\u00fctterung die Platte ohne Trefferwirkung umkippt. <br><strong>Die vorderen beiden Panzer <\/strong>werden durch Ringscheiben in einer Nut zuverl\u00e4ssig gegen Herausfallen aus der geschlitzten Basisplatte gesichert. <br>Durch einen<strong> verstellbaren Abstandhalter<\/strong> wird die senkrechte Ausrichtung der Platte wiederholgenau vorgenommen.<\/p>\n<\/div><\/div>\n\n\n\n<div class=\"wp-block-media-text is-stacked-on-mobile\"><figure class=\"wp-block-media-text__media\"><img loading=\"lazy\" decoding=\"async\" width=\"941\" height=\"1024\" src=\"https:\/\/www.gordon-verwaltung.de\/wp-content\/uploads\/2025\/01\/8732_Array_Einzelteile-941x1024.jpeg\" alt=\"\" class=\"wp-image-681 size-full\" srcset=\"https:\/\/www.gordon-verwaltung.de\/wp-content\/uploads\/2025\/01\/8732_Array_Einzelteile-941x1024.jpeg 941w, https:\/\/www.gordon-verwaltung.de\/wp-content\/uploads\/2025\/01\/8732_Array_Einzelteile-276x300.jpeg 276w, https:\/\/www.gordon-verwaltung.de\/wp-content\/uploads\/2025\/01\/8732_Array_Einzelteile-768x835.jpeg 768w, https:\/\/www.gordon-verwaltung.de\/wp-content\/uploads\/2025\/01\/8732_Array_Einzelteile-1412x1536.jpeg 1412w, https:\/\/www.gordon-verwaltung.de\/wp-content\/uploads\/2025\/01\/8732_Array_Einzelteile-1024x1114.jpeg 1024w, https:\/\/www.gordon-verwaltung.de\/wp-content\/uploads\/2025\/01\/8732_Array_Einzelteile-993x1080.jpeg 993w, https:\/\/www.gordon-verwaltung.de\/wp-content\/uploads\/2025\/01\/8732_Array_Einzelteile.jpeg 1823w\" sizes=\"auto, (max-width: 941px) 100vw, 941px\" \/><\/figure><div class=\"wp-block-media-text__content\">\n<p>Die Einzelteile des Produktes in der \u00dcbersicht. das Packma\u00df bei zerlegtem Stahlblechkasten ist ca 450 x 400 x 250 mm. Mehrere Produkte sind f\u00fcr Lagerung und Transport stapelbar. <\/p>\n<\/div><\/div>\n\n\n\n<p><\/p>\n","protected":false},"excerpt":{"rendered":"<p>Knockdown-Rechteckplate (150 x 150 mm) im Stahlblechkasten (H\/B\/T: 450\/400\/300 mm), richtlinienkonform, nach IPSC-Regelwerk ca. 1 Meter hoch z.B. auf Holzpaletten) aufzustellen. Die Ziele in der Basis sind wechselbar. Es k\u00f6nnen auch 200-mm- Ronden (IPSC-regelkonform) und 150 mm Ronden montiert werden. Eine ausf\u00fchrliche Beschreibung ist hier verlinkt. F\u00fcr das beidseitig benutzbare (bauartbedingt wendef\u00e4hig) Zielmedium (1500 Joule&hellip; <br \/> <a class=\"read-more\" href=\"https:\/\/www.gordon-verwaltung.de\/index.php\/produkt-15-ipsc-plates\/\">Weiterlesen<\/a><\/p>\n","protected":false},"author":2,"featured_media":0,"parent":0,"menu_order":0,"comment_status":"closed","ping_status":"closed","template":"","meta":{"footnotes":""},"class_list":["post-683","page","type-page","status-publish","hentry"],"_links":{"self":[{"href":"https:\/\/www.gordon-verwaltung.de\/index.php\/wp-json\/wp\/v2\/pages\/683","targetHints":{"allow":["GET"]}}],"collection":[{"href":"https:\/\/www.gordon-verwaltung.de\/index.php\/wp-json\/wp\/v2\/pages"}],"about":[{"href":"https:\/\/www.gordon-verwaltung.de\/index.php\/wp-json\/wp\/v2\/types\/page"}],"author":[{"embeddable":true,"href":"https:\/\/www.gordon-verwaltung.de\/index.php\/wp-json\/wp\/v2\/users\/2"}],"replies":[{"embeddable":true,"href":"https:\/\/www.gordon-verwaltung.de\/index.php\/wp-json\/wp\/v2\/comments?post=683"}],"version-history":[{"count":3,"href":"https:\/\/www.gordon-verwaltung.de\/index.php\/wp-json\/wp\/v2\/pages\/683\/revisions"}],"predecessor-version":[{"id":689,"href":"https:\/\/www.gordon-verwaltung.de\/index.php\/wp-json\/wp\/v2\/pages\/683\/revisions\/689"}],"wp:attachment":[{"href":"https:\/\/www.gordon-verwaltung.de\/index.php\/wp-json\/wp\/v2\/media?parent=683"}],"curies":[{"name":"wp","href":"https:\/\/api.w.org\/{rel}","templated":true}]}}