{"id":687,"date":"2025-01-03T14:39:06","date_gmt":"2025-01-03T13:39:06","guid":{"rendered":"https:\/\/www.gordon-verwaltung.de\/?page_id=687"},"modified":"2025-01-03T14:39:06","modified_gmt":"2025-01-03T13:39:06","slug":"produkt-15-beschreibung","status":"publish","type":"page","link":"https:\/\/www.gordon-verwaltung.de\/index.php\/produkt-15-beschreibung\/","title":{"rendered":"Produkt-15-Beschreibung"},"content":{"rendered":"\n<p><\/p>\n\n\n\n<p><strong>Bausatz f\u00fcr IPSC-Rechteckplatte (max 1500 Joule)<\/strong> <strong>f\u00fcr In- und Outdoor<\/strong><\/p>\n\n\n\n<p><strong>1. Beschreibung<\/strong><br>Das IPSC-Rechteckplate (Trefferfl\u00e4che 150 x 150 mm) wird in einem Stahlblechkasten (2 mm verzinktes Stahlblech) mit einer 400 mm breiten und 450 mm hohen \u00d6ffnung bei 300 mm Tiefe (Basisblech 500 mm) montiert.\u00a0<br>1.1 Die Platte ist aus Hartstahl gefertigt und entspricht der Spezifikation der Deutschen Schie\u00dfstandrichtline. Der K\u00e4ufer erh\u00e4lt ein Zertifikat \u00fcber die Materialg\u00fcte.<\/p>\n\n\n\n<p>1.2 Durch ein Prallblech in Kombination mit einer Federmechanik wird das Aufstellen erleichtert und ein Umfallen ohne Trefferwirkung zuverl\u00e4ssig vermieden.&nbsp;<\/p>\n\n\n\n<p>1.3 Die Aufstellung soll laut IPSC-Regelwerk in 1 m H\u00f6he erfolgen. Das Array kann auch &#8211; im Training &#8211; in \u201eupside-down\u201c-Position verwendet werden, wodurch das Ziel schwerkraftbedingt nach einem Treffer deutlich sichtbar pendelt, ohne dass es aufgestellt werden muss.&nbsp;<\/p>\n\n\n\n<p>1.4 Als Splitterauffangmedium (nicht enthalten) sollten 1800 bis 1200 mm lange weiche, biegsame Polymatten (F\u00f6rderbandgummi) verwendet werden, die im Inneren des Kastens die Geschosssplitter absorbieren. Diese sind nicht im Lieferumfang enthalten<\/p>\n\n\n\n<p>1.5 Die Ma\u00dfe des Arrays in \u201eReady-to-Use\u201c Condition (400 x 500) erlauben das Lagern und den sicheren Transport von 4 vollbest\u00fcckten Einheiten auf einer Europalette. Bei Stapelung in 2 Ebenen k\u00f6nnen 8 St\u00fcck voll aufgebaut auf einer Palette stehen.<\/p>\n\n\n\n<p><strong>2. Bestandteile<\/strong><\/p>\n\n\n\n<p>2.1 Kasten (f\u00fcr offene Schie\u00dfst\u00e4nde nach RL n\u00f6tig, f\u00fcr Indoor zum Schutz der Baulichkeiten dringend empfohlen)<br>2 St\u00fcck Schwingerkastenseite 450mm x 300mm (mit Aufh\u00e4ngeloch 16 mm)<br>1 St\u00fcck Schwingerkastendeckel 400mm x 300mm<br>1 St\u00fcck Basis-Kastenboden 400mm x 500mm\u00a0<br>Die Verschraubung kann mit Schrauben M6 x 10 \/ 12 und M6-Sicherungsmuttern erfolgen.<\/p>\n\n\n\n<p>2.2 Basis<br>Basis 330-500 mit Mechanik und Wiederaufrichtefederoption<br>Selfsetter Prallwinkel kurz, 130 mm, zum Abstoppen des Plates \u00fcber Basisebene aber unsichtbar f\u00fcr den Sch\u00fctzen nach Wirkungstreffer<br>Panzerplattenbasis, 2-fach geschlitzt<br>Panzerplatte gro\u00df, 120 mm hoch (gerundetes Eck) oder 130 mm hoch (geschr\u00e4gtes Eck) nach Wahl<br>Panzerplatte klein, 120 mm hoch (gerundetes Eck) oder 130 mm hoch (geschr\u00e4gtes Eck) nach Wahl<\/p>\n\n\n\n<p>2.3 Ziel<br>Klappscheibe, Steg, quadratisch_150mm, doppeltes Lochpaar<\/p>\n\n\n\n<p>2.4 Kleinteile, Schrauben, Scheiben, Muttern, Ringe<\/p>\n\n\n\n<p>2.5 Zugfeder (Spannung auch mit KK-Munition \u00fcberwindbar!) zur Hilfe beim Aufrichten und Stabilisierung der Standposition<\/p>\n\n\n\n<p>2.6 Optional kann eine alternative (!) Federmechanik installiert werden, die ein selbst\u00e4ndiges Wiederaufrichten nach trefferbedingtem Zur\u00fcckpendeln erm\u00f6glicht. Hierf\u00fcr ist neben einer weiteren Feder entweder ein l\u00e4ngerer Prallwinkel n\u00f6tig oder es ist auf den kurzen Prallwinkel ein Aufsatz zu montieren (Montagel\u00f6cher sind vorhanden). Das Ziel bleibt bei der Option \u201el\u00e4ngerer Prallwinkel\u201c- in Schr\u00e4glage &#8211; sichtbar.<\/p>\n\n\n\n<p><strong>3. Montagehinweis<\/strong><\/p>\n\n\n\n<p>3.1 An der Unterseite des Kastens ragen die K\u00f6pfe der Kastenverschraubungen (Linsenflanschschrauben) und die Sechskantk\u00f6pfe der Maschinenschrauben hervor. Der Kasten wird im Betriebsmodus auf einer Holzplatte (enthalten) stehend eingesetzt. Damit werden die \u00dcberst\u00e4nde der K\u00f6pfe der Schrauben, mit denen die Basis, der Prallwinkel und die Panzerplattenbasis an den Kastenboden und die (Holz-)Tr\u00e4gerplatte angeschraubt sind, egalisiert.&nbsp;<\/p>\n\n\n\n<p>Die (Holz)-Platte, die selbst mit einigen der Schrauben (Sechskant) fixiert wird, kann bei Einsatz, insbesondere dauerhafter Montage auf einer Palette am Kasten montiert belassen werden.&nbsp;<\/p>\n\n\n\n<p>3.2 Das Array kann &#8211; alternativ &#8211; auch auf einer seitlich und hinten \u00fcberstehenden POM- oder Grobspanplatte (ca. 500 x 600 mm) montiert werden, bei der f\u00fcr die herausragenden Teile, Schrauben und Muttern Vertiefungen oder Bohrungen vorgesehen sind. Dadurch wird eine glatte Unterseite erzeugt. Solche Platten (nicht&nbsp; im Lieferumfang enthalten) k\u00f6nnen dann auf die Aufstellsysteme, z.B. Paletten angeschraubt werden.&nbsp;<\/p>\n\n\n\n<p><strong>4. Lieferzustand:<\/strong><\/p>\n\n\n\n<p>Die Lieferung des Zieles selbst erfolgt \u201eready to use\u201c. Lediglich der Kasten ist teilmontiert. Es m\u00fcssen nur noch 8 Schrauben M6 f\u00fcr den Splitterschutz-Kasten angebracht und festgezogen werden (10 mm Schl\u00fcssel\/Nu\u00df und 4 mm Innensechskant n\u00f6tig) und ein Splitterschutz eingelegt werden.<\/p>\n\n\n\n<p><strong>5. Preis (Stand 1.1.2025):\u00a0<\/strong><br>5.1 Grundpreis: 210 Euro zzgl. Ust, Transport und Verpackung <br>(ohne Splitterfangeinlage).<\/p>\n\n\n\n<p>5.2 Optional (Preise zzgl. Ust, Transport und Verpackung):<\/p>\n\n\n\n<p>5.2.1 Umbausatz Selfsetteroption (nur bei GK-Beschuss sichtbare Trefferwirkung), bestehend aus zus\u00e4tzlicher Feder und Prallwinkel (lang): 20 Euro <\/p>\n\n\n\n<p>5.2.2 Wechselplatte rund, 200 mm (regelkonformes IPSC-Ziel): 25 Euro<\/p>\n\n\n\n<p><\/p>\n","protected":false},"excerpt":{"rendered":"<p>Bausatz f\u00fcr IPSC-Rechteckplatte (max 1500 Joule) f\u00fcr In- und Outdoor 1. BeschreibungDas IPSC-Rechteckplate (Trefferfl\u00e4che 150 x 150 mm) wird in einem Stahlblechkasten (2 mm verzinktes Stahlblech) mit einer 400 mm breiten und 450 mm hohen \u00d6ffnung bei 300 mm Tiefe (Basisblech 500 mm) montiert.\u00a01.1 Die Platte ist aus Hartstahl gefertigt und entspricht der Spezifikation der&hellip; <br \/> <a class=\"read-more\" href=\"https:\/\/www.gordon-verwaltung.de\/index.php\/produkt-15-beschreibung\/\">Weiterlesen<\/a><\/p>\n","protected":false},"author":2,"featured_media":0,"parent":0,"menu_order":0,"comment_status":"closed","ping_status":"closed","template":"","meta":{"footnotes":""},"class_list":["post-687","page","type-page","status-publish","hentry"],"_links":{"self":[{"href":"https:\/\/www.gordon-verwaltung.de\/index.php\/wp-json\/wp\/v2\/pages\/687","targetHints":{"allow":["GET"]}}],"collection":[{"href":"https:\/\/www.gordon-verwaltung.de\/index.php\/wp-json\/wp\/v2\/pages"}],"about":[{"href":"https:\/\/www.gordon-verwaltung.de\/index.php\/wp-json\/wp\/v2\/types\/page"}],"author":[{"embeddable":true,"href":"https:\/\/www.gordon-verwaltung.de\/index.php\/wp-json\/wp\/v2\/users\/2"}],"replies":[{"embeddable":true,"href":"https:\/\/www.gordon-verwaltung.de\/index.php\/wp-json\/wp\/v2\/comments?post=687"}],"version-history":[{"count":1,"href":"https:\/\/www.gordon-verwaltung.de\/index.php\/wp-json\/wp\/v2\/pages\/687\/revisions"}],"predecessor-version":[{"id":688,"href":"https:\/\/www.gordon-verwaltung.de\/index.php\/wp-json\/wp\/v2\/pages\/687\/revisions\/688"}],"wp:attachment":[{"href":"https:\/\/www.gordon-verwaltung.de\/index.php\/wp-json\/wp\/v2\/media?parent=687"}],"curies":[{"name":"wp","href":"https:\/\/api.w.org\/{rel}","templated":true}]}}